{"id":646,"date":"2021-04-06T12:12:56","date_gmt":"2021-04-06T10:12:56","guid":{"rendered":"https:\/\/varangerbrygge.no\/?post_type=product&#038;p=646"},"modified":"2025-09-10T17:40:54","modified_gmt":"2025-09-10T15:40:54","slug":"saunaflate","status":"publish","type":"product","link":"http:\/\/staging.varangerbrygge.no\/de\/product\/saunaflate\/","title":{"rendered":"Sauna-Flo\u00df"},"content":{"rendered":"<h3><strong>Die Saunaflotte ist f\u00fcr Buchungen geschlossen und \u00f6ffnet am 15. Mai 2026 wieder!<\/strong><\/h3>\n<p>&nbsp;<\/p>\n<p>Die Sauna muss mindestens 24 Stunden im Voraus gebucht werden.<br \/>\nSollte die Zeit noch frei sein, kontaktieren Sie uns bitte \u2013 wir helfen Ihnen gerne weiter.<\/p>","protected":false},"excerpt":{"rendered":"<p><span class=\"TextRun BCX0 SCXO195327109\" lang=\"NB-NO\" xml:lang=\"NB-NO\" data-contrast=\"none\"><span class=\"NormalTextRun BCX0 SCXO195327109\">M\u00f6chten Sie Abenteuer und Entspannung verbinden? Dann ist unser Saunaflo\u00df genau das Richtige f\u00fcr Sie! <\/span><\/span><br \/>\nEntspannen Sie Ihre Schultern, genie\u00dfen Sie die Aussicht \u00fcber den Varangerfjord aus der hei\u00dfen Sauna und schlie\u00dfen Sie mit einem erfrischenden Bad im kalten und klaren Wasser ab.<br \/>\nDie Sauna hat eine Kapazit\u00e4t von bis zu 6 Personen und wir rechnen mit 2 Stunden aktivem Saunabaden pro Saunagang. Der Preis betr\u00e4gt NOK 350 pro Person.<\/p>\n<p><span class=\"TextRun SCXO51208774 BCX0\" lang=\"NB-NO\" xml:lang=\"NB-NO\" data-contrast=\"none\"><span class=\"NormalTextRun SCXO51208774 BCX0\">Unsere Saunaflotte wird Ihnen ein unvergessliches Erlebnis bescheren.<\/span><\/span><span class=\"EOP SCXO51208774 BCX0\">\u00a0<\/span><\/p>","protected":false},"featured_media":8428,"comment_status":"open","ping_status":"closed","template":"","meta":{"_acf_changed":false,"site-sidebar-layout":"default","site-content-layout":"default","ast-site-content-layout":"default","site-content-style":"default","site-sidebar-style":"default","ast-global-header-display":"","ast-banner-title-visibility":"","ast-main-header-display":"","ast-hfb-above-header-display":"","ast-hfb-below-header-display":"","ast-hfb-mobile-header-display":"","site-post-title":"","ast-breadcrumbs-content":"","ast-featured-img":"","footer-sml-layout":"","ast-disable-related-posts":"","theme-transparent-header-meta":"default","adv-header-id-meta":"","stick-header-meta":"","header-above-stick-meta":"","header-main-stick-meta":"","header-below-stick-meta":"","astra-migrate-meta-layouts":"set","ast-page-background-enabled":"default","ast-page-background-meta":{"desktop":{"background-color":"","background-image":"","background-repeat":"repeat","background-position":"center center","background-size":"auto","background-attachment":"scroll","background-type":"","background-media":"","overlay-type":"","overlay-color":"","overlay-opacity":"","overlay-gradient":""},"tablet":{"background-color":"","background-image":"","background-repeat":"repeat","background-position":"center center","background-size":"auto","background-attachment":"scroll","background-type":"","background-media":"","overlay-type":"","overlay-color":"","overlay-opacity":"","overlay-gradient":""},"mobile":{"background-color":"","background-image":"","background-repeat":"repeat","background-position":"center center","background-size":"auto","background-attachment":"scroll","background-type":"","background-media":"","overlay-type":"","overlay-color":"","overlay-opacity":"","overlay-gradient":""}},"ast-content-background-meta":{"desktop":{"background-color":"var(--ast-global-color-5)","background-image":"","background-repeat":"repeat","background-position":"center center","background-size":"auto","background-attachment":"scroll","background-type":"","background-media":"","overlay-type":"","overlay-color":"","overlay-opacity":"","overlay-gradient":""},"tablet":{"background-color":"var(--ast-global-color-5)","background-image":"","background-repeat":"repeat","background-position":"center center","background-size":"auto","background-attachment":"scroll","background-type":"","background-media":"","overlay-type":"","overlay-color":"","overlay-opacity":"","overlay-gradient":""},"mobile":{"background-color":"var(--ast-global-color-5)","background-image":"","background-repeat":"repeat","background-position":"center center","background-size":"auto","background-attachment":"scroll","background-type":"","background-media":"","overlay-type":"","overlay-color":"","overlay-opacity":"","overlay-gradient":""}}},"product_brand":[],"product_cat":[47],"product_tag":[61],"class_list":{"0":"post-646","1":"product","2":"type-product","3":"status-publish","4":"has-post-thumbnail","6":"product_cat-sauna","7":"product_tag-sauna","8":"desktop-align-left","9":"tablet-align-left","10":"mobile-align-left","12":"first","13":"instock","14":"virtual","15":"sold-individually","16":"purchasable","17":"product-type-phive_booking"},"acf":[],"_links":{"self":[{"href":"http:\/\/staging.varangerbrygge.no\/de\/wp-json\/wp\/v2\/product\/646","targetHints":{"allow":["GET"]}}],"collection":[{"href":"http:\/\/staging.varangerbrygge.no\/de\/wp-json\/wp\/v2\/product"}],"about":[{"href":"http:\/\/staging.varangerbrygge.no\/de\/wp-json\/wp\/v2\/types\/product"}],"replies":[{"embeddable":true,"href":"http:\/\/staging.varangerbrygge.no\/de\/wp-json\/wp\/v2\/comments?post=646"}],"wp:featuredmedia":[{"embeddable":true,"href":"http:\/\/staging.varangerbrygge.no\/de\/wp-json\/wp\/v2\/media\/8428"}],"wp:attachment":[{"href":"http:\/\/staging.varangerbrygge.no\/de\/wp-json\/wp\/v2\/media?parent=646"}],"wp:term":[{"taxonomy":"product_brand","embeddable":true,"href":"http:\/\/staging.varangerbrygge.no\/de\/wp-json\/wp\/v2\/product_brand?post=646"},{"taxonomy":"product_cat","embeddable":true,"href":"http:\/\/staging.varangerbrygge.no\/de\/wp-json\/wp\/v2\/product_cat?post=646"},{"taxonomy":"product_tag","embeddable":true,"href":"http:\/\/staging.varangerbrygge.no\/de\/wp-json\/wp\/v2\/product_tag?post=646"}],"curies":[{"name":"wp","href":"https:\/\/api.w.org\/{rel}","templated":true}]}}