{"id":7436,"date":"2023-11-21T21:08:25","date_gmt":"2023-11-21T19:08:25","guid":{"rendered":"https:\/\/www.varangerbrygge.no\/?page_id=7436"},"modified":"2025-04-07T19:45:36","modified_gmt":"2025-04-07T17:45:36","slug":"om-oss","status":"publish","type":"page","link":"http:\/\/staging.varangerbrygge.no\/en\/om-oss\/","title":{"rendered":"About us"},"content":{"rendered":"<div data-elementor-type=\"wp-page\" data-elementor-id=\"7436\" class=\"elementor elementor-7436\" data-elementor-post-type=\"page\">\n\t\t\t\t<div class=\"elementor-element elementor-element-6124e246 e-flex e-con-boxed e-con e-parent\" data-id=\"6124e246\" data-element_type=\"container\" data-e-type=\"container\">\n\t\t\t\t\t<div class=\"e-con-inner\">\n\t\t<div class=\"elementor-element elementor-element-37fc507c e-flex e-con-boxed e-con e-child\" data-id=\"37fc507c\" data-element_type=\"container\" data-e-type=\"container\">\n\t\t\t\t\t<div class=\"e-con-inner\">\n\t\t\t\t<div class=\"elementor-element elementor-element-a857580 elementor-hidden-mobile elementor-widget elementor-widget-heading\" data-id=\"a857580\" data-element_type=\"widget\" data-e-type=\"widget\" data-widget_type=\"heading.default\">\n\t\t\t\t<div class=\"elementor-widget-container\">\n\t\t\t\t\t<h1 class=\"elementor-heading-title elementor-size-default\">About Varanger Brygge<\/h1>\t\t\t\t<\/div>\n\t\t\t\t<\/div>\n\t\t\t\t<div class=\"elementor-element elementor-element-5253bf7 elementor-hidden-desktop elementor-hidden-tablet elementor-widget elementor-widget-heading\" data-id=\"5253bf7\" data-element_type=\"widget\" data-e-type=\"widget\" data-widget_type=\"heading.default\">\n\t\t\t\t<div class=\"elementor-widget-container\">\n\t\t\t\t\t<h1 class=\"elementor-heading-title elementor-size-default\">About Varanger Brygge<\/h1>\t\t\t\t<\/div>\n\t\t\t\t<\/div>\n\t\t<div class=\"elementor-element elementor-element-16dde1b0 e-flex e-con-boxed e-con e-child\" data-id=\"16dde1b0\" data-element_type=\"container\" data-e-type=\"container\">\n\t\t\t\t\t<div class=\"e-con-inner\">\n\t\t\t\t<div class=\"elementor-element elementor-element-358f8f6b elementor-widget__width-initial elementor-widget elementor-widget-image\" data-id=\"358f8f6b\" data-element_type=\"widget\" data-e-type=\"widget\" data-widget_type=\"image.default\">\n\t\t\t\t<div class=\"elementor-widget-container\">\n\t\t\t\t\t\t\t\t\t\t\t\t\t\t\t\t<a href=\"http:\/\/staging.varangerbrygge.no\/wp-content\/uploads\/2021\/03\/Om-oss-beskjaert.jpg\" data-elementor-open-lightbox=\"yes\" data-elementor-lightbox-title=\"Om oss_\" data-e-action-hash=\"#elementor-action%3Aaction%3Dlightbox%26settings%3DeyJpZCI6MTUwNSwidXJsIjoiaHR0cDpcL1wvc3RhZ2luZy52YXJhbmdlcmJyeWdnZS5ub1wvd3AtY29udGVudFwvdXBsb2Fkc1wvMjAyMVwvMDNcL09tLW9zcy1iZXNramFlcnQtc2NhbGVkLmpwZyJ9\">\n\t\t\t\t\t\t\t<img fetchpriority=\"high\" decoding=\"async\" width=\"1024\" height=\"520\" src=\"http:\/\/staging.varangerbrygge.no\/wp-content\/uploads\/2021\/03\/Om-oss-beskjaert-scaled.jpg\" class=\"attachment-large size-large wp-image-1505\" alt=\"Om oss_\" \/>\t\t\t\t\t\t\t\t<\/a>\n\t\t\t\t\t\t\t\t\t\t\t\t\t\t\t<\/div>\n\t\t\t\t<\/div>\n\t\t\t\t\t<\/div>\n\t\t\t\t<\/div>\n\t\t\t\t<div class=\"elementor-element elementor-element-4c1f9095 elementor-widget__width-initial elementor-hidden-mobile elementor-widget elementor-widget-heading\" data-id=\"4c1f9095\" data-element_type=\"widget\" data-e-type=\"widget\" data-widget_type=\"heading.default\">\n\t\t\t\t<div class=\"elementor-widget-container\">\n\t\t\t\t\t<h2 class=\"elementor-heading-title elementor-size-default\">Our vision: To offer unique experiences and sustainable tourist fishing on the sea, in mountain lakes and rivers, based on the village of Bug\u00f8ynes and its unique location and history.<\/h2>\t\t\t\t<\/div>\n\t\t\t\t<\/div>\n\t\t\t\t<div class=\"elementor-element elementor-element-f756629 elementor-widget__width-initial elementor-hidden-desktop elementor-hidden-tablet elementor-widget elementor-widget-heading\" data-id=\"f756629\" data-element_type=\"widget\" data-e-type=\"widget\" data-widget_type=\"heading.default\">\n\t\t\t\t<div class=\"elementor-widget-container\">\n\t\t\t\t\t<h2 class=\"elementor-heading-title elementor-size-default\">Our vision: To offer unique experiences and sustainable tourist fishing on the sea, in mountain lakes and rivers, based on the village of Bug\u00f8ynes and its unique location and history.<\/h2>\t\t\t\t<\/div>\n\t\t\t\t<\/div>\n\t\t\t\t<div class=\"elementor-element elementor-element-2b6995b1 elementor-widget__width-initial elementor-widget elementor-widget-text-editor\" data-id=\"2b6995b1\" data-element_type=\"widget\" data-e-type=\"widget\" data-widget_type=\"text-editor.default\">\n\t\t\t\t<div class=\"elementor-widget-container\">\n\t\t\t\t\t\t\t\t\t<p>Varanger Brygge is a family business established in 2020. Through the establishment, we want to facilitate tourist fishing and food experiences around the Varangerfjord. With modern locations and boats, we give guests the opportunity to explore fishing spots in the Varangerfjord and process their catches at state-of-the-art facilities.<br \/>We offer very good and comfortable accommodation with a strong focus on both location and high standards. We also provide fishing facilities in local mountain lakes and rivers around the Varangerfjord.<\/p>\t\t\t\t\t\t\t\t<\/div>\n\t\t\t\t<\/div>\n\t\t\t\t<div class=\"elementor-element elementor-element-17728573 elementor-widget__width-initial elementor-widget elementor-widget-heading\" data-id=\"17728573\" data-element_type=\"widget\" data-e-type=\"widget\" data-widget_type=\"heading.default\">\n\t\t\t\t<div class=\"elementor-widget-container\">\n\t\t\t\t\t<h2 class=\"elementor-heading-title elementor-size-default\">Bug\u00f8ynes<\/h2>\t\t\t\t<\/div>\n\t\t\t\t<\/div>\n\t\t\t\t<div class=\"elementor-element elementor-element-7ad07b9e elementor-widget__width-initial elementor-widget elementor-widget-text-editor\" data-id=\"7ad07b9e\" data-element_type=\"widget\" data-e-type=\"widget\" data-widget_type=\"text-editor.default\">\n\t\t\t\t<div class=\"elementor-widget-container\">\n\t\t\t\t\t\t\t\t\t<p>Bug\u00f8ynes has a unique history that started with Finnish immigrants in the 1800s. A fishing village and a community were established that made a good living from fishing from the Varangerfjord. During World War II, Bug\u00f8ynes was spared from burning, this unfortunately in contrast to many other local communities in Finnmark. This means that today at Bug\u00f8ynes we find a unique building mass with many older buildings from the early 1900s and late 1800s. The population was between 500 and 600 people from the late 1800s to the mid-1970s. Then many of the families had their income from the Varangerfjord or the local local fishing industry company. Since then, the population has declined steadily and now counts approx. 200 people. Despite this, Bug\u00f8ynes has managed to create a good foundation in fishing where more fishermen are also recruited. Delivery of king crab and white fish to our two fish receptions are important jobs in the village. There is also a large increase in the number of tourists who take the trip to Bug\u00f8ynes to experience the place with its unique location, uniqueness and history. Bug\u00f8ynes is located 100 km from both Kirkenes and Vads\u00f8 and can be easily reached by car or bus. Alternatively, we at Varanger Brygge can pick you up by sea.<\/p>\t\t\t\t\t\t\t\t<\/div>\n\t\t\t\t<\/div>\n\t\t<div class=\"elementor-element elementor-element-531fec25 e-flex e-con-boxed e-con e-child\" data-id=\"531fec25\" data-element_type=\"container\" data-e-type=\"container\">\n\t\t\t\t\t<div class=\"e-con-inner\">\n\t\t\t\t<div class=\"elementor-element elementor-element-21e652d elementor-widget elementor-widget-gallery\" data-id=\"21e652d\" data-element_type=\"widget\" data-e-type=\"widget\" data-settings=\"{&quot;columns&quot;:2,&quot;gap&quot;:{&quot;unit&quot;:&quot;px&quot;,&quot;size&quot;:24,&quot;sizes&quot;:[]},&quot;gallery_layout&quot;:&quot;grid&quot;,&quot;columns_tablet&quot;:2,&quot;columns_mobile&quot;:1,&quot;gap_tablet&quot;:{&quot;unit&quot;:&quot;px&quot;,&quot;size&quot;:10,&quot;sizes&quot;:[]},&quot;gap_mobile&quot;:{&quot;unit&quot;:&quot;px&quot;,&quot;size&quot;:10,&quot;sizes&quot;:[]},&quot;link_to&quot;:&quot;file&quot;,&quot;aspect_ratio&quot;:&quot;3:2&quot;,&quot;show_all_galleries&quot;:&quot;yes&quot;,&quot;content_hover_animation&quot;:&quot;fade-in&quot;}\" data-widget_type=\"gallery.default\">\n\t\t\t\t<div class=\"elementor-widget-container\">\n\t\t\t\t\t\t\t\t<div class=\"elementor-gallery__titles-container e--pointer-none\" aria-label=\"Galeriefilter\" data-no-translation-aria-label=\"\">\n\t\t\t\t\t\t\t\t\t<a class=\"elementor-item elementor-gallery-title\" role=\"button\" tabindex=\"0\" data-gallery-index=\"all\">\n\t\t\t\t\t\t\t\t\t\t\t<\/a>\n\t\t\t\t\n\t\t\t\t\t\t\t\t\t<a class=\"elementor-item elementor-gallery-title\" role=\"button\" tabindex=\"0\" data-gallery-index=\"0\">\n\t\t\t\t\t\t\t\t\t\t\t<\/a>\n\t\t\t\t\t\t\t\t<\/div>\n\t\t\t\t\t<div class=\"elementor-gallery__container\">\n\t\t\t\t\t\t\t<a class=\"e-gallery-item elementor-gallery-item elementor-animated-content\" data-e-gallery-tags=\"0\" href=\"http:\/\/staging.varangerbrygge.no\/wp-content\/uploads\/2023\/10\/IMG_3305.jpg\" data-elementor-open-lightbox=\"yes\" data-elementor-lightbox-slideshow=\"21e652d\" data-elementor-lightbox-title=\"Bug\u00f8ynes\" data-e-action-hash=\"#elementor-action%3Aaction%3Dlightbox%26settings%3DeyJpZCI6Njk1MywidXJsIjoiaHR0cDpcL1wvc3RhZ2luZy52YXJhbmdlcmJyeWdnZS5ub1wvd3AtY29udGVudFwvdXBsb2Fkc1wvMjAyM1wvMTBcL0lNR18zMzA1LmpwZyIsInNsaWRlc2hvdyI6IjIxZTY1MmQifQ%3D%3D\">\n\t\t\t\t\t<div class=\"e-gallery-image elementor-gallery-item__image\" data-thumbnail=\"http:\/\/staging.varangerbrygge.no\/wp-content\/uploads\/2023\/10\/IMG_3305-1024x576.jpg\" data-width=\"1024\" data-height=\"576\" aria-label=\"Bug\u00f8ynes\" role=\"img\" ><\/div>\n\t\t\t\t\t\t\t\t\t\t\t\t\t\t<\/a>\n\t\t\t\t\t\t\t<a class=\"e-gallery-item elementor-gallery-item elementor-animated-content\" data-e-gallery-tags=\"0\" href=\"http:\/\/staging.varangerbrygge.no\/wp-content\/uploads\/2025\/04\/IMG_9058-scaled.webp\" data-elementor-open-lightbox=\"yes\" data-elementor-lightbox-slideshow=\"21e652d\" data-elementor-lightbox-title=\"IMG_9058\" data-e-action-hash=\"#elementor-action%3Aaction%3Dlightbox%26settings%3DeyJpZCI6OTAyNSwidXJsIjoiaHR0cDpcL1wvc3RhZ2luZy52YXJhbmdlcmJyeWdnZS5ub1wvd3AtY29udGVudFwvdXBsb2Fkc1wvMjAyNVwvMDRcL0lNR185MDU4LXNjYWxlZC53ZWJwIiwic2xpZGVzaG93IjoiMjFlNjUyZCJ9\">\n\t\t\t\t\t<div class=\"e-gallery-image elementor-gallery-item__image\" data-thumbnail=\"http:\/\/staging.varangerbrygge.no\/wp-content\/uploads\/2025\/04\/IMG_9058-1024x768.webp\" data-width=\"1024\" data-height=\"768\" aria-label=\"Northern Lights at Varanger Brygge\" role=\"img\" ><\/div>\n\t\t\t\t\t\t\t\t\t\t\t\t\t\t<\/a>\n\t\t\t\t\t\t\t<a class=\"e-gallery-item elementor-gallery-item elementor-animated-content\" data-e-gallery-tags=\"0\" href=\"http:\/\/staging.varangerbrygge.no\/wp-content\/uploads\/2022\/05\/Varanger-05-min.jpg\" data-elementor-open-lightbox=\"yes\" data-elementor-lightbox-slideshow=\"21e652d\" data-elementor-lightbox-title=\"Bug\u00f8ynes vinter\" data-e-action-hash=\"#elementor-action%3Aaction%3Dlightbox%26settings%3DeyJpZCI6Mzk3MiwidXJsIjoiaHR0cDpcL1wvc3RhZ2luZy52YXJhbmdlcmJyeWdnZS5ub1wvd3AtY29udGVudFwvdXBsb2Fkc1wvMjAyMlwvMDVcL1ZhcmFuZ2VyLTA1LW1pbi5qcGciLCJzbGlkZXNob3ciOiIyMWU2NTJkIn0%3D\">\n\t\t\t\t\t<div class=\"e-gallery-image elementor-gallery-item__image\" data-thumbnail=\"http:\/\/staging.varangerbrygge.no\/wp-content\/uploads\/2022\/05\/Varanger-05-min.jpg\" data-width=\"1024\" data-height=\"722\" aria-label=\"Bug\u00f8yne&#039;s winter\" role=\"img\" ><\/div>\n\t\t\t\t\t\t\t\t\t\t\t\t\t\t<\/a>\n\t\t\t\t\t\t\t<a class=\"e-gallery-item elementor-gallery-item elementor-animated-content\" data-e-gallery-tags=\"0\" href=\"http:\/\/staging.varangerbrygge.no\/wp-content\/uploads\/2021\/08\/Bugoynes-3-scaled.jpg\" data-elementor-open-lightbox=\"yes\" data-elementor-lightbox-slideshow=\"21e652d\" data-elementor-lightbox-title=\"varanger brygge\" data-e-action-hash=\"#elementor-action%3Aaction%3Dlightbox%26settings%3DeyJpZCI6MjUwOCwidXJsIjoiaHR0cDpcL1wvc3RhZ2luZy52YXJhbmdlcmJyeWdnZS5ub1wvd3AtY29udGVudFwvdXBsb2Fkc1wvMjAyMVwvMDhcL0J1Z295bmVzLTMtc2NhbGVkLmpwZyIsInNsaWRlc2hvdyI6IjIxZTY1MmQifQ%3D%3D\">\n\t\t\t\t\t<div class=\"e-gallery-image elementor-gallery-item__image\" data-thumbnail=\"http:\/\/staging.varangerbrygge.no\/wp-content\/uploads\/2021\/08\/Bugoynes-3-scaled.jpg\" data-width=\"1024\" data-height=\"576\" aria-label=\"Varanger pier\" role=\"img\" ><\/div>\n\t\t\t\t\t\t\t\t\t\t\t\t\t\t<\/a>\n\t\t\t\t\t<\/div>\n\t\t\t\t\t<\/div>\n\t\t\t\t<\/div>\n\t\t\t\t\t<\/div>\n\t\t\t\t<\/div>\n\t\t\t\t<div class=\"elementor-element elementor-element-5306a14a elementor-widget__width-initial elementor-widget elementor-widget-text-editor\" data-id=\"5306a14a\" data-element_type=\"widget\" data-e-type=\"widget\" data-widget_type=\"text-editor.default\">\n\t\t\t\t<div class=\"elementor-widget-container\">\n\t\t\t\t\t\t\t\t\t<p>At Bug\u00f8ynes there is a shop open 6 days a week where all necessary food can be purchased. Bug\u00f8ynes has its own Bistro and pub which is open every day. Here you can enjoy both good food and local drinks. Otherwise, Varanger Brygge wants to contribute to further growth for the business community in Bug\u00f8ynes which in turn contributes to the further existence of Bug\u00f8ynes as a vibrant local community in S\u00f8r-Varanger municipality.<\/p><p>In the longer term, it is an overriding goal that Varanger Brygge is the natural choice for tourist fishermen who want to get in close contact with the good fishing opportunities we have in the area. We will create excitement through unique experiences where the town with its history and location forms the framework and foundation for the business. And that other localities around the Varangerfjord can be used to have the opportunity for other types of fishing.<\/p>\t\t\t\t\t\t\t\t<\/div>\n\t\t\t\t<\/div>\n\t\t\t\t<div class=\"elementor-element elementor-element-3022eb14 elementor-widget__width-initial elementor-widget elementor-widget-heading\" data-id=\"3022eb14\" data-element_type=\"widget\" data-e-type=\"widget\" data-widget_type=\"heading.default\">\n\t\t\t\t<div class=\"elementor-widget-container\">\n\t\t\t\t\t<h2 class=\"elementor-heading-title elementor-size-default\">Sustainability<\/h2>\t\t\t\t<\/div>\n\t\t\t\t<\/div>\n\t\t\t\t<div class=\"elementor-element elementor-element-462c32bd elementor-widget__width-initial elementor-widget elementor-widget-text-editor\" data-id=\"462c32bd\" data-element_type=\"widget\" data-e-type=\"widget\" data-widget_type=\"text-editor.default\">\n\t\t\t\t<div class=\"elementor-widget-container\">\n\t\t\t\t\t\t\t\t\t<p>Varanger Brygge will strive and deliver its products and services in accordance with 3 of the UN&#039;s sustainability goals. This is to be part of the impact on our common environment that can be passed on to our descendants.<\/p>\t\t\t\t\t\t\t\t<\/div>\n\t\t\t\t<\/div>\n\t\t\t\t<div class=\"elementor-element elementor-element-4de3947b elementor-widget__width-initial elementor-widget elementor-widget-text-editor\" data-id=\"4de3947b\" data-element_type=\"widget\" data-e-type=\"widget\" data-widget_type=\"text-editor.default\">\n\t\t\t\t<div class=\"elementor-widget-container\">\n\t\t\t\t\t\t\t\t\t<p><strong>9 &#8211; <\/strong>By 2030, upgrade infrastructure and restructure the business community to become more sustainable, with a more efficient use of resources and greater use of clean and environmentally friendly forms of technology and industrial processes, where all countries make an effort according to their own ability and capacity<\/p><p><strong>12 &#8211; <\/strong>Develop and implement methods to monitor the consequences of sustainable development on a tourism industry that is sustainable, creates jobs and promotes local culture and local products<\/p><p><strong>14 &#8211; <\/strong>By 2025, prevent and significantly reduce all forms of marine pollution, especially from land-based activities, including pollution caused by marine litter and nutrients<\/p>\t\t\t\t\t\t\t\t<\/div>\n\t\t\t\t<\/div>\n\t\t<div class=\"elementor-element elementor-element-41c7a203 e-flex e-con-boxed e-con e-child\" data-id=\"41c7a203\" data-element_type=\"container\" data-e-type=\"container\">\n\t\t\t\t\t<div class=\"e-con-inner\">\n\t\t\t\t<div class=\"elementor-element elementor-element-a0c67be elementor-widget__width-initial elementor-widget elementor-widget-gallery\" data-id=\"a0c67be\" data-element_type=\"widget\" data-e-type=\"widget\" data-settings=\"{&quot;gallery_layout&quot;:&quot;justified&quot;,&quot;ideal_row_height&quot;:{&quot;unit&quot;:&quot;px&quot;,&quot;size&quot;:208,&quot;sizes&quot;:[]},&quot;gap&quot;:{&quot;unit&quot;:&quot;px&quot;,&quot;size&quot;:15,&quot;sizes&quot;:[]},&quot;ideal_row_height_tablet&quot;:{&quot;unit&quot;:&quot;px&quot;,&quot;size&quot;:150,&quot;sizes&quot;:[]},&quot;ideal_row_height_mobile&quot;:{&quot;unit&quot;:&quot;px&quot;,&quot;size&quot;:150,&quot;sizes&quot;:[]},&quot;gap_tablet&quot;:{&quot;unit&quot;:&quot;px&quot;,&quot;size&quot;:10,&quot;sizes&quot;:[]},&quot;gap_mobile&quot;:{&quot;unit&quot;:&quot;px&quot;,&quot;size&quot;:10,&quot;sizes&quot;:[]},&quot;link_to&quot;:&quot;file&quot;,&quot;show_all_galleries&quot;:&quot;yes&quot;}\" data-widget_type=\"gallery.default\">\n\t\t\t\t<div class=\"elementor-widget-container\">\n\t\t\t\t\t\t\t\t<div class=\"elementor-gallery__titles-container e--pointer-none\" aria-label=\"Galeriefilter\" data-no-translation-aria-label=\"\">\n\t\t\t\t\t\t\t\t\t<a class=\"elementor-item elementor-gallery-title\" role=\"button\" tabindex=\"0\" data-gallery-index=\"all\">\n\t\t\t\t\t\t\t\t\t\t\t<\/a>\n\t\t\t\t\n\t\t\t\t\t\t\t\t\t<a class=\"elementor-item elementor-gallery-title\" role=\"button\" tabindex=\"0\" data-gallery-index=\"0\">\n\t\t\t\t\t\t\t\t\t\t\t<\/a>\n\t\t\t\t\t\t\t\t<\/div>\n\t\t\t\t\t<div class=\"elementor-gallery__container\">\n\t\t\t\t\t\t\t<a class=\"e-gallery-item elementor-gallery-item\" data-e-gallery-tags=\"0\" href=\"http:\/\/staging.varangerbrygge.no\/wp-content\/uploads\/2021\/04\/baerekraft_9.jpg\" data-elementor-open-lightbox=\"yes\" data-elementor-lightbox-slideshow=\"a0c67be\" data-elementor-lightbox-title=\"b\u00e6rekraft_9\" data-e-action-hash=\"#elementor-action%3Aaction%3Dlightbox%26settings%3DeyJpZCI6NzAzLCJ1cmwiOiJodHRwOlwvXC9zdGFnaW5nLnZhcmFuZ2VyYnJ5Z2dlLm5vXC93cC1jb250ZW50XC91cGxvYWRzXC8yMDIxXC8wNFwvYmFlcmVrcmFmdF85LmpwZyIsInNsaWRlc2hvdyI6ImEwYzY3YmUifQ%3D%3D\">\n\t\t\t\t\t<div class=\"e-gallery-image elementor-gallery-item__image\" data-thumbnail=\"http:\/\/staging.varangerbrygge.no\/wp-content\/uploads\/2021\/04\/baerekraft_9.jpg\" data-width=\"175\" data-height=\"175\" aria-label=\"Sustainability-Industry, innovation and infrastructure\" role=\"img\" ><\/div>\n\t\t\t\t\t\t\t\t\t\t\t\t\t\t<\/a>\n\t\t\t\t\t\t\t<a class=\"e-gallery-item elementor-gallery-item\" data-e-gallery-tags=\"0\" href=\"http:\/\/staging.varangerbrygge.no\/wp-content\/uploads\/2021\/04\/baerekraft_12.jpg\" data-elementor-open-lightbox=\"yes\" data-elementor-lightbox-slideshow=\"a0c67be\" data-elementor-lightbox-title=\"b\u00e6rekraft_12\" data-e-action-hash=\"#elementor-action%3Aaction%3Dlightbox%26settings%3DeyJpZCI6NzA0LCJ1cmwiOiJodHRwOlwvXC9zdGFnaW5nLnZhcmFuZ2VyYnJ5Z2dlLm5vXC93cC1jb250ZW50XC91cGxvYWRzXC8yMDIxXC8wNFwvYmFlcmVrcmFmdF8xMi5qcGciLCJzbGlkZXNob3ciOiJhMGM2N2JlIn0%3D\">\n\t\t\t\t\t<div class=\"e-gallery-image elementor-gallery-item__image\" data-thumbnail=\"http:\/\/staging.varangerbrygge.no\/wp-content\/uploads\/2021\/04\/baerekraft_12.jpg\" data-width=\"175\" data-height=\"175\" aria-label=\"Sustainability-Responsible consumption and production\" role=\"img\" ><\/div>\n\t\t\t\t\t\t\t\t\t\t\t\t\t\t<\/a>\n\t\t\t\t\t\t\t<a class=\"e-gallery-item elementor-gallery-item\" data-e-gallery-tags=\"0\" href=\"http:\/\/staging.varangerbrygge.no\/wp-content\/uploads\/2021\/04\/baerekraft_14.jpg\" data-elementor-open-lightbox=\"yes\" data-elementor-lightbox-slideshow=\"a0c67be\" data-elementor-lightbox-title=\"b\u00e6rekraft_14\" data-e-action-hash=\"#elementor-action%3Aaction%3Dlightbox%26settings%3DeyJpZCI6NzA1LCJ1cmwiOiJodHRwOlwvXC9zdGFnaW5nLnZhcmFuZ2VyYnJ5Z2dlLm5vXC93cC1jb250ZW50XC91cGxvYWRzXC8yMDIxXC8wNFwvYmFlcmVrcmFmdF8xNC5qcGciLCJzbGlkZXNob3ciOiJhMGM2N2JlIn0%3D\">\n\t\t\t\t\t<div class=\"e-gallery-image elementor-gallery-item__image\" data-thumbnail=\"http:\/\/staging.varangerbrygge.no\/wp-content\/uploads\/2021\/04\/baerekraft_14.jpg\" data-width=\"175\" data-height=\"175\" aria-label=\"Sustainability-live in the ocean\" role=\"img\" ><\/div>\n\t\t\t\t\t\t\t\t\t\t\t\t\t\t<\/a>\n\t\t\t\t\t<\/div>\n\t\t\t\t\t<\/div>\n\t\t\t\t<\/div>\n\t\t\t\t\t<\/div>\n\t\t\t\t<\/div>\n\t\t\t\t\t<\/div>\n\t\t\t\t<\/div>\n\t\t\t\t\t<\/div>\n\t\t\t\t<\/div>\n\t\t\t\t<\/div>","protected":false},"excerpt":{"rendered":"<p>Om Varanger Brygge Om Varanger Brygge V\u00e5r visjon; \u00c5 kunne tilby unike opplevelser og et b\u00e6rekraftig turistfiske b\u00e5de p\u00e5 hav, i fjellvann og i elver med utgangspunkt i tettstedet Bug\u00f8ynes og dets unike beliggenhet og historie. V\u00e5r visjon; \u00c5 kunne tilby unike opplevelser og et b\u00e6rekraftig turistfiske b\u00e5de p\u00e5 hav, i fjellvann og i elver [&hellip;]<\/p>\n","protected":false},"author":3,"featured_media":0,"parent":0,"menu_order":0,"comment_status":"closed","ping_status":"closed","template":"","meta":{"_acf_changed":false,"site-sidebar-layout":"no-sidebar","site-content-layout":"page-builder","ast-site-content-layout":"default","site-content-style":"default","site-sidebar-style":"default","ast-global-header-display":"","ast-banner-title-visibility":"","ast-main-header-display":"","ast-hfb-above-header-display":"","ast-hfb-below-header-display":"","ast-hfb-mobile-header-display":"","site-post-title":"disabled","ast-breadcrumbs-content":"","ast-featured-img":"disabled","footer-sml-layout":"","ast-disable-related-posts":"","theme-transparent-header-meta":"","adv-header-id-meta":"","stick-header-meta":"","header-above-stick-meta":"","header-main-stick-meta":"","header-below-stick-meta":"","astra-migrate-meta-layouts":"default","ast-page-background-enabled":"default","ast-page-background-meta":{"desktop":{"background-color":"","background-image":"","background-repeat":"repeat","background-position":"center center","background-size":"auto","background-attachment":"scroll","background-type":"","background-media":"","overlay-type":"","overlay-color":"","overlay-opacity":"","overlay-gradient":""},"tablet":{"background-color":"","background-image":"","background-repeat":"repeat","background-position":"center center","background-size":"auto","background-attachment":"scroll","background-type":"","background-media":"","overlay-type":"","overlay-color":"","overlay-opacity":"","overlay-gradient":""},"mobile":{"background-color":"","background-image":"","background-repeat":"repeat","background-position":"center center","background-size":"auto","background-attachment":"scroll","background-type":"","background-media":"","overlay-type":"","overlay-color":"","overlay-opacity":"","overlay-gradient":""}},"ast-content-background-meta":{"desktop":{"background-color":"var(--ast-global-color-5)","background-image":"","background-repeat":"repeat","background-position":"center center","background-size":"auto","background-attachment":"scroll","background-type":"","background-media":"","overlay-type":"","overlay-color":"","overlay-opacity":"","overlay-gradient":""},"tablet":{"background-color":"var(--ast-global-color-5)","background-image":"","background-repeat":"repeat","background-position":"center center","background-size":"auto","background-attachment":"scroll","background-type":"","background-media":"","overlay-type":"","overlay-color":"","overlay-opacity":"","overlay-gradient":""},"mobile":{"background-color":"var(--ast-global-color-5)","background-image":"","background-repeat":"repeat","background-position":"center center","background-size":"auto","background-attachment":"scroll","background-type":"","background-media":"","overlay-type":"","overlay-color":"","overlay-opacity":"","overlay-gradient":""}},"footnotes":""},"class_list":["post-7436","page","type-page","status-publish","hentry"],"acf":[],"_links":{"self":[{"href":"http:\/\/staging.varangerbrygge.no\/en\/wp-json\/wp\/v2\/pages\/7436","targetHints":{"allow":["GET"]}}],"collection":[{"href":"http:\/\/staging.varangerbrygge.no\/en\/wp-json\/wp\/v2\/pages"}],"about":[{"href":"http:\/\/staging.varangerbrygge.no\/en\/wp-json\/wp\/v2\/types\/page"}],"author":[{"embeddable":true,"href":"http:\/\/staging.varangerbrygge.no\/en\/wp-json\/wp\/v2\/users\/3"}],"replies":[{"embeddable":true,"href":"http:\/\/staging.varangerbrygge.no\/en\/wp-json\/wp\/v2\/comments?post=7436"}],"version-history":[{"count":28,"href":"http:\/\/staging.varangerbrygge.no\/en\/wp-json\/wp\/v2\/pages\/7436\/revisions"}],"predecessor-version":[{"id":9028,"href":"http:\/\/staging.varangerbrygge.no\/en\/wp-json\/wp\/v2\/pages\/7436\/revisions\/9028"}],"wp:attachment":[{"href":"http:\/\/staging.varangerbrygge.no\/en\/wp-json\/wp\/v2\/media?parent=7436"}],"curies":[{"name":"wp","href":"https:\/\/api.w.org\/{rel}","templated":true}]}}