{"id":7883,"date":"2024-01-06T15:03:24","date_gmt":"2024-01-06T13:03:24","guid":{"rendered":"https:\/\/www.varangerbrygge.no\/?page_id=7883"},"modified":"2025-10-18T15:26:04","modified_gmt":"2025-10-18T13:26:04","slug":"kongekrabbe-safari","status":"publish","type":"page","link":"http:\/\/staging.varangerbrygge.no\/en\/kongekrabbe-safari\/","title":{"rendered":"King crab safari"},"content":{"rendered":"\t\t<div data-elementor-type=\"wp-page\" data-elementor-id=\"7883\" class=\"elementor elementor-7883\" data-elementor-post-type=\"page\">\n\t\t\t\t<div class=\"elementor-element elementor-element-be61c32 e-flex e-con-boxed e-con e-parent\" data-id=\"be61c32\" data-element_type=\"container\" data-e-type=\"container\">\n\t\t\t\t\t<div class=\"e-con-inner\">\n\t\t<div class=\"elementor-element elementor-element-1c77de2 e-flex e-con-boxed e-con e-child\" data-id=\"1c77de2\" data-element_type=\"container\" data-e-type=\"container\">\n\t\t\t\t\t<div class=\"e-con-inner\">\n\t\t\t\t<div class=\"elementor-element elementor-element-9a322c0 elementor-widget elementor-widget-heading\" data-id=\"9a322c0\" data-element_type=\"widget\" data-e-type=\"widget\" data-widget_type=\"heading.default\">\n\t\t\t\t<div class=\"elementor-widget-container\">\n\t\t\t\t\t<h2 class=\"elementor-heading-title elementor-size-default\">Kongekrabbe safari<\/h2>\t\t\t\t<\/div>\n\t\t\t\t<\/div>\n\t\t\t\t<div class=\"elementor-element elementor-element-ed3c19e elementor-widget__width-initial elementor-widget elementor-widget-text-editor\" data-id=\"ed3c19e\" data-element_type=\"widget\" data-e-type=\"widget\" data-widget_type=\"text-editor.default\">\n\t\t\t\t<div class=\"elementor-widget-container\">\n\t\t\t\t\t\t\t\t\t<p>Bli med p\u00e5 en 3-4 timers kongekrabbe safari i Varagerfjorden, hvor du l\u00e6rer om kongekrabbens fascinerende historie og i tillegg nyter et nydelig m\u00e5ltid basert p\u00e5 dagens fangst.<\/p><p>Book kongekrabbe safari via v\u00e5rt kontaktskjema.<\/p>\t\t\t\t\t\t\t\t<\/div>\n\t\t\t\t<\/div>\n\t\t\t\t<div class=\"elementor-element elementor-element-4f2aa51 elementor-widget elementor-widget-button\" data-id=\"4f2aa51\" data-element_type=\"widget\" data-e-type=\"widget\" data-widget_type=\"button.default\">\n\t\t\t\t<div class=\"elementor-widget-container\">\n\t\t\t\t\t\t\t\t\t<div class=\"elementor-button-wrapper\">\n\t\t\t\t\t<a class=\"elementor-button elementor-button-link elementor-size-sm\" href=\"#kontaktskjema\">\n\t\t\t\t\t\t<span class=\"elementor-button-content-wrapper\">\n\t\t\t\t\t\t\t\t\t<span class=\"elementor-button-text\">Kontaktskjema<\/span>\n\t\t\t\t\t<\/span>\n\t\t\t\t\t<\/a>\n\t\t\t\t<\/div>\n\t\t\t\t\t\t\t\t<\/div>\n\t\t\t\t<\/div>\n\t\t\t\t\t<\/div>\n\t\t\t\t<\/div>\n\t\t<div class=\"elementor-element elementor-element-5a9d946 e-flex e-con-boxed e-con e-child\" data-id=\"5a9d946\" data-element_type=\"container\" data-e-type=\"container\">\n\t\t\t\t\t<div class=\"e-con-inner\">\n\t\t\t\t<div class=\"elementor-element elementor-element-4dffc8c elementor-widget__width-initial elementor-widget elementor-widget-image\" data-id=\"4dffc8c\" data-element_type=\"widget\" data-e-type=\"widget\" data-widget_type=\"image.default\">\n\t\t\t\t<div class=\"elementor-widget-container\">\n\t\t\t\t\t\t\t\t\t\t\t\t\t\t\t<img fetchpriority=\"high\" decoding=\"async\" width=\"1024\" height=\"768\" src=\"https:\/\/staging.varangerbrygge.no\/wp-content\/uploads\/2025\/10\/4cc4865f-ac7a-469c-ba2f-56d78344f0bf-1024x768.jpg\" class=\"attachment-large size-large wp-image-9579\" alt=\"Kongekrabbe safari\" srcset=\"https:\/\/staging.varangerbrygge.no\/wp-content\/uploads\/2025\/10\/4cc4865f-ac7a-469c-ba2f-56d78344f0bf-1024x768.jpg 1024w, https:\/\/staging.varangerbrygge.no\/wp-content\/uploads\/2025\/10\/4cc4865f-ac7a-469c-ba2f-56d78344f0bf-300x225.jpg 300w, https:\/\/staging.varangerbrygge.no\/wp-content\/uploads\/2025\/10\/4cc4865f-ac7a-469c-ba2f-56d78344f0bf-768x576.jpg 768w, https:\/\/staging.varangerbrygge.no\/wp-content\/uploads\/2025\/10\/4cc4865f-ac7a-469c-ba2f-56d78344f0bf-1536x1152.jpg 1536w, https:\/\/staging.varangerbrygge.no\/wp-content\/uploads\/2025\/10\/4cc4865f-ac7a-469c-ba2f-56d78344f0bf-16x12.jpg 16w, https:\/\/staging.varangerbrygge.no\/wp-content\/uploads\/2025\/10\/4cc4865f-ac7a-469c-ba2f-56d78344f0bf-600x450.jpg 600w, https:\/\/staging.varangerbrygge.no\/wp-content\/uploads\/2025\/10\/4cc4865f-ac7a-469c-ba2f-56d78344f0bf.jpg 1600w\" sizes=\"(max-width: 1024px) 100vw, 1024px\" \/>\t\t\t\t\t\t\t\t\t\t\t\t\t\t\t<\/div>\n\t\t\t\t<\/div>\n\t\t\t\t<div class=\"elementor-element elementor-element-00e79f0 elementor-widget__width-initial elementor-widget elementor-widget-image\" data-id=\"00e79f0\" data-element_type=\"widget\" data-e-type=\"widget\" data-widget_type=\"image.default\">\n\t\t\t\t<div class=\"elementor-widget-container\">\n\t\t\t\t\t\t\t\t\t\t\t\t\t\t\t<img decoding=\"async\" width=\"798\" height=\"558\" src=\"https:\/\/staging.varangerbrygge.no\/wp-content\/uploads\/2025\/10\/d8d0a46f-41ce-4223-81ce-b5fc3b7b5b4b.jpg\" class=\"attachment-large size-large wp-image-9585\" alt=\"Kongekrabbe safari\" srcset=\"https:\/\/staging.varangerbrygge.no\/wp-content\/uploads\/2025\/10\/d8d0a46f-41ce-4223-81ce-b5fc3b7b5b4b.jpg 798w, https:\/\/staging.varangerbrygge.no\/wp-content\/uploads\/2025\/10\/d8d0a46f-41ce-4223-81ce-b5fc3b7b5b4b-300x210.jpg 300w, https:\/\/staging.varangerbrygge.no\/wp-content\/uploads\/2025\/10\/d8d0a46f-41ce-4223-81ce-b5fc3b7b5b4b-768x537.jpg 768w, https:\/\/staging.varangerbrygge.no\/wp-content\/uploads\/2025\/10\/d8d0a46f-41ce-4223-81ce-b5fc3b7b5b4b-18x12.jpg 18w, https:\/\/staging.varangerbrygge.no\/wp-content\/uploads\/2025\/10\/d8d0a46f-41ce-4223-81ce-b5fc3b7b5b4b-600x420.jpg 600w\" sizes=\"(max-width: 798px) 100vw, 798px\" \/>\t\t\t\t\t\t\t\t\t\t\t\t\t\t\t<\/div>\n\t\t\t\t<\/div>\n\t\t\t\t<div class=\"elementor-element elementor-element-7bdc5ed elementor-widget__width-initial elementor-widget elementor-widget-image\" data-id=\"7bdc5ed\" data-element_type=\"widget\" data-e-type=\"widget\" data-widget_type=\"image.default\">\n\t\t\t\t<div class=\"elementor-widget-container\">\n\t\t\t\t\t\t\t\t\t\t\t\t\t\t\t<img decoding=\"async\" width=\"1024\" height=\"658\" src=\"https:\/\/staging.varangerbrygge.no\/wp-content\/uploads\/2025\/10\/c78a4ea1-7e27-469b-ad13-5a282640c0da.jpg\" class=\"attachment-large size-large wp-image-9583\" alt=\"\" srcset=\"https:\/\/staging.varangerbrygge.no\/wp-content\/uploads\/2025\/10\/c78a4ea1-7e27-469b-ad13-5a282640c0da.jpg 1600w, https:\/\/staging.varangerbrygge.no\/wp-content\/uploads\/2025\/10\/c78a4ea1-7e27-469b-ad13-5a282640c0da-300x193.jpg 300w\" sizes=\"(max-width: 1024px) 100vw, 1024px\" \/>\t\t\t\t\t\t\t\t\t\t\t\t\t\t\t<\/div>\n\t\t\t\t<\/div>\n\t\t\t\t\t<\/div>\n\t\t\t\t<\/div>\n\t\t\t\t<div class=\"elementor-element elementor-element-a0dad78 elementor-widget elementor-widget-spacer\" data-id=\"a0dad78\" data-element_type=\"widget\" data-e-type=\"widget\" data-widget_type=\"spacer.default\">\n\t\t\t\t<div class=\"elementor-widget-container\">\n\t\t\t\t\t\t\t<div class=\"elementor-spacer\">\n\t\t\t<div class=\"elementor-spacer-inner\"><\/div>\n\t\t<\/div>\n\t\t\t\t\t\t<\/div>\n\t\t\t\t<\/div>\n\t\t\t\t\t<\/div>\n\t\t\t\t<\/div>\n\t\t\t\t<section class=\"elementor-section elementor-top-section elementor-element elementor-element-7d8772f0 elementor-section-full_width elementor-section-height-default elementor-section-height-default\" data-id=\"7d8772f0\" data-element_type=\"section\" data-e-type=\"section\" id=\"kontakt\">\n\t\t\t\t\t\t<div class=\"elementor-container elementor-column-gap-default\">\n\t\t\t\t\t<div class=\"elementor-column elementor-col-100 elementor-top-column elementor-element elementor-element-67483be2\" data-id=\"67483be2\" data-element_type=\"column\" data-e-type=\"column\" data-settings=\"{&quot;background_background&quot;:&quot;classic&quot;}\">\n\t\t\t<div class=\"elementor-widget-wrap elementor-element-populated\">\n\t\t\t\t\t\t<section class=\"elementor-section elementor-inner-section elementor-element elementor-element-6b2db52d elementor-section-boxed elementor-section-height-default elementor-section-height-default\" data-id=\"6b2db52d\" data-element_type=\"section\" data-e-type=\"section\" id=\"kontaktskjema\" data-settings=\"{&quot;background_background&quot;:&quot;classic&quot;}\">\n\t\t\t\t\t\t<div class=\"elementor-container elementor-column-gap-default\">\n\t\t\t\t\t<div class=\"elementor-column elementor-col-100 elementor-inner-column elementor-element elementor-element-7b1227b9\" data-id=\"7b1227b9\" data-element_type=\"column\" data-e-type=\"column\" data-settings=\"{&quot;background_background&quot;:&quot;classic&quot;}\">\n\t\t\t<div class=\"elementor-widget-wrap elementor-element-populated\">\n\t\t\t\t\t\t<div class=\"elementor-element elementor-element-5b32c101 elementor-widget__width-initial elementor-hidden-tablet elementor-hidden-mobile elementor-widget elementor-widget-heading\" data-id=\"5b32c101\" data-element_type=\"widget\" data-e-type=\"widget\" data-widget_type=\"heading.default\">\n\t\t\t\t<div class=\"elementor-widget-container\">\n\t\t\t\t\t<h2 class=\"elementor-heading-title elementor-size-default\">Kontaktskjema<\/h2>\t\t\t\t<\/div>\n\t\t\t\t<\/div>\n\t\t\t\t<div class=\"elementor-element elementor-element-5eb25cb0 elementor-hidden-desktop elementor-widget elementor-widget-heading\" data-id=\"5eb25cb0\" data-element_type=\"widget\" data-e-type=\"widget\" data-widget_type=\"heading.default\">\n\t\t\t\t<div class=\"elementor-widget-container\">\n\t\t\t\t\t<h2 class=\"elementor-heading-title elementor-size-default\">Kontaktskjema<\/h2>\t\t\t\t<\/div>\n\t\t\t\t<\/div>\n\t\t\t\t<div class=\"elementor-element elementor-element-449d3d01 elementor-widget__width-initial elementor-widget elementor-widget-text-editor\" data-id=\"449d3d01\" data-element_type=\"widget\" data-e-type=\"widget\" data-widget_type=\"text-editor.default\">\n\t\t\t\t<div class=\"elementor-widget-container\">\n\t\t\t\t\t\t\t\t\t<p>Kj\u00e6re gjest,<br \/><span style=\"font-style: inherit; font-weight: inherit; color: var( --e-global-color-text );\">Ikke n\u00f8l med \u00e5 kontakte oss via v\u00e5rt kontaktskjema. Oppgi \u00f8nsket dato for overnatting eller andre aktiviteter. Vi svarer deg s\u00e5 snart vi kan med et skreddersydd tilbud etter dine \u00f8nsker.<\/span><\/p>\t\t\t\t\t\t\t\t<\/div>\n\t\t\t\t<\/div>\n\t\t\t\t<div class=\"elementor-element elementor-element-3ea15b72 elementor-button-align-center elementor-widget__width-initial elementor-widget elementor-widget-form\" data-id=\"3ea15b72\" data-element_type=\"widget\" data-e-type=\"widget\" data-settings=\"{&quot;step_next_label&quot;:&quot;Next&quot;,&quot;step_previous_label&quot;:&quot;Previous&quot;,&quot;button_width&quot;:&quot;100&quot;,&quot;step_type&quot;:&quot;number_text&quot;,&quot;step_icon_shape&quot;:&quot;circle&quot;}\" data-widget_type=\"form.default\">\n\t\t\t\t<div class=\"elementor-widget-container\">\n\t\t\t\t\t\t\t<form class=\"elementor-form\" method=\"post\" name=\"New Form\" aria-label=\"New Form\">\n\t\t\t<input type=\"hidden\" name=\"post_id\" value=\"7883\"\/>\n\t\t\t<input type=\"hidden\" name=\"form_id\" value=\"3ea15b72\"\/>\n\t\t\t<input type=\"hidden\" name=\"referer_title\" value=\"\" \/>\n\n\t\t\t\n\t\t\t<div class=\"elementor-form-fields-wrapper elementor-labels-above\">\n\t\t\t\t\t\t\t\t<div class=\"elementor-field-type-text elementor-field-group elementor-column elementor-field-group-name elementor-col-50 elementor-field-required elementor-mark-required\">\n\t\t\t\t\t\t\t\t\t\t\t\t<label for=\"form-field-name\" class=\"elementor-field-label\">\n\t\t\t\t\t\t\t\tNavn\t\t\t\t\t\t\t<\/label>\n\t\t\t\t\t\t\t\t\t\t\t\t\t\t<input size=\"1\" type=\"text\" name=\"form_fields[name]\" id=\"form-field-name\" class=\"elementor-field elementor-size-md  elementor-field-textual\" placeholder=\"Navn\" required=\"required\">\n\t\t\t\t\t\t\t\t\t\t\t<\/div>\n\t\t\t\t\t\t\t\t<div class=\"elementor-field-type-tel elementor-field-group elementor-column elementor-field-group-field_59cf44c elementor-col-50 elementor-field-required elementor-mark-required\">\n\t\t\t\t\t\t\t\t\t\t\t\t<label for=\"form-field-field_59cf44c\" class=\"elementor-field-label\">\n\t\t\t\t\t\t\t\tTelefon\t\t\t\t\t\t\t<\/label>\n\t\t\t\t\t\t\t\t<input size=\"1\" type=\"tel\" name=\"form_fields[field_59cf44c]\" id=\"form-field-field_59cf44c\" class=\"elementor-field elementor-size-md  elementor-field-textual\" placeholder=\"Telefon\" required=\"required\" pattern=\"[0-9()#&amp;+*-=.]+\" title=\"Only numbers and phone characters (#, -, *, etc) are accepted.\">\n\n\t\t\t\t\t\t<\/div>\n\t\t\t\t\t\t\t\t<div class=\"elementor-field-type-email elementor-field-group elementor-column elementor-field-group-email elementor-col-50 elementor-field-required elementor-mark-required\">\n\t\t\t\t\t\t\t\t\t\t\t\t<label for=\"form-field-email\" class=\"elementor-field-label\">\n\t\t\t\t\t\t\t\tE-post\t\t\t\t\t\t\t<\/label>\n\t\t\t\t\t\t\t\t\t\t\t\t\t\t<input size=\"1\" type=\"email\" name=\"form_fields[email]\" id=\"form-field-email\" class=\"elementor-field elementor-size-md  elementor-field-textual\" placeholder=\"E-post\" required=\"required\">\n\t\t\t\t\t\t\t\t\t\t\t<\/div>\n\t\t\t\t\t\t\t\t<div class=\"elementor-field-type-number elementor-field-group elementor-column elementor-field-group-field_248169c elementor-col-50 elementor-field-required elementor-mark-required\">\n\t\t\t\t\t\t\t\t\t\t\t\t<label for=\"form-field-field_248169c\" class=\"elementor-field-label\">\n\t\t\t\t\t\t\t\tAntall personer\t\t\t\t\t\t\t<\/label>\n\t\t\t\t\t\t\t\t\t<input type=\"number\" name=\"form_fields[field_248169c]\" id=\"form-field-field_248169c\" class=\"elementor-field elementor-size-md  elementor-field-textual\" placeholder=\"Antall personer\" required=\"required\" min=\"\" max=\"\" >\n\t\t\t\t\t\t<\/div>\n\t\t\t\t\t\t\t\t<div class=\"elementor-field-type-date elementor-field-group elementor-column elementor-field-group-field_3ade408 elementor-col-50\">\n\t\t\t\t\t\t\t\t\t\t\t\t<label for=\"form-field-field_3ade408\" class=\"elementor-field-label\">\n\t\t\t\t\t\t\t\tDato fra\t\t\t\t\t\t\t<\/label>\n\t\t\t\t\t\t\n\t\t<input type=\"date\" name=\"form_fields[field_3ade408]\" id=\"form-field-field_3ade408\" class=\"elementor-field elementor-size-md  elementor-field-textual elementor-date-field elementor-use-native\" pattern=\"[0-9]{4}-[0-9]{2}-[0-9]{2}\">\n\t\t\t\t\t\t<\/div>\n\t\t\t\t\t\t\t\t<div class=\"elementor-field-type-date elementor-field-group elementor-column elementor-field-group-field_f26f432 elementor-col-50\">\n\t\t\t\t\t\t\t\t\t\t\t\t<label for=\"form-field-field_f26f432\" class=\"elementor-field-label\">\n\t\t\t\t\t\t\t\tDato til\t\t\t\t\t\t\t<\/label>\n\t\t\t\t\t\t\n\t\t<input type=\"date\" name=\"form_fields[field_f26f432]\" id=\"form-field-field_f26f432\" class=\"elementor-field elementor-size-md  elementor-field-textual elementor-date-field elementor-use-native\" placeholder=\"Dato til\" pattern=\"[0-9]{4}-[0-9]{2}-[0-9]{2}\">\n\t\t\t\t\t\t<\/div>\n\t\t\t\t\t\t\t\t<div class=\"elementor-field-type-radio elementor-field-group elementor-column elementor-field-group-field_cbe0180 elementor-col-100\">\n\t\t\t\t\t<div class=\"elementor-field-subgroup  elementor-subgroup-inline\"><span class=\"elementor-field-option\"><input type=\"radio\" value=\"Jeg har fast dato\" id=\"form-field-field_cbe0180-0\" name=\"form_fields[field_cbe0180]\"> <label for=\"form-field-field_cbe0180-0\">Jeg har fast dato<\/label><\/span><span class=\"elementor-field-option\"><input type=\"radio\" value=\"Jeg er flexibel (oppgi \u00f8nsket m\u00e5ned i melding)\" id=\"form-field-field_cbe0180-1\" name=\"form_fields[field_cbe0180]\"> <label for=\"form-field-field_cbe0180-1\">Jeg er flexibel (oppgi \u00f8nsket m\u00e5ned i melding)<\/label><\/span><\/div>\t\t\t\t<\/div>\n\t\t\t\t\t\t\t\t<div class=\"elementor-field-type-checkbox elementor-field-group elementor-column elementor-field-group-field_e1bd39b elementor-col-100\">\n\t\t\t\t\t\t\t\t\t\t\t\t<label for=\"form-field-field_e1bd39b\" class=\"elementor-field-label\">\n\t\t\t\t\t\t\t\tJeg er interessert i (velg en eller flere)\t\t\t\t\t\t\t<\/label>\n\t\t\t\t\t\t<div class=\"elementor-field-subgroup  elementor-subgroup-inline\"><span class=\"elementor-field-option\"><input type=\"checkbox\" value=\"Overnatting\" id=\"form-field-field_e1bd39b-0\" name=\"form_fields[field_e1bd39b][]\"> <label for=\"form-field-field_e1bd39b-0\">Overnatting<\/label><\/span><span class=\"elementor-field-option\"><input type=\"checkbox\" value=\"Fiske\" id=\"form-field-field_e1bd39b-1\" name=\"form_fields[field_e1bd39b][]\"> <label for=\"form-field-field_e1bd39b-1\">Fiske<\/label><\/span><span class=\"elementor-field-option\"><input type=\"checkbox\" value=\"Kongekr\" id=\"form-field-field_e1bd39b-2\" name=\"form_fields[field_e1bd39b][]\"> <label for=\"form-field-field_e1bd39b-2\">Kongekr<\/label><\/span><span class=\"elementor-field-option\"><input type=\"checkbox\" value=\"Matlagningskurs\" id=\"form-field-field_e1bd39b-3\" name=\"form_fields[field_e1bd39b][]\"> <label for=\"form-field-field_e1bd39b-3\">Matlagningskurs<\/label><\/span><span class=\"elementor-field-option\"><input type=\"checkbox\" value=\"Sauna\" id=\"form-field-field_e1bd39b-4\" name=\"form_fields[field_e1bd39b][]\"> <label for=\"form-field-field_e1bd39b-4\">Sauna<\/label><\/span><\/div>\t\t\t\t<\/div>\n\t\t\t\t\t\t\t\t<div class=\"elementor-field-type-textarea elementor-field-group elementor-column elementor-field-group-message elementor-col-100 elementor-field-required elementor-mark-required\">\n\t\t\t\t\t\t\t\t\t\t\t\t<label for=\"form-field-message\" class=\"elementor-field-label\">\n\t\t\t\t\t\t\t\tMelding\t\t\t\t\t\t\t<\/label>\n\t\t\t\t\t\t<textarea class=\"elementor-field-textual elementor-field  elementor-size-md\" name=\"form_fields[message]\" id=\"form-field-message\" rows=\"4\" placeholder=\"Melding\" required=\"required\"><\/textarea>\t\t\t\t<\/div>\n\t\t\t\t\t\t\t\t<div class=\"elementor-field-type-text\">\n\t\t\t\t\t<input size=\"1\" type=\"text\" name=\"form_fields[field_4b4680d]\" id=\"form-field-field_4b4680d\" class=\"elementor-field elementor-size-md \" style=\"display:none !important;\">\t\t\t\t<\/div>\n\t\t\t\t\t\t\t\t<div class=\"elementor-field-type-text\">\n\t\t\t\t\t<input size=\"1\" type=\"text\" name=\"form_fields[field_dab47df]\" id=\"form-field-field_dab47df\" class=\"elementor-field elementor-size-md \" style=\"display:none !important;\">\t\t\t\t<\/div>\n\t\t\t\t\t\t\t\t<div class=\"elementor-field-type-text\">\n\t\t\t\t\t<input size=\"1\" type=\"text\" name=\"form_fields[field_f0d5968]\" id=\"form-field-field_f0d5968\" class=\"elementor-field elementor-size-md \" style=\"display:none !important;\">\t\t\t\t<\/div>\n\t\t\t\t\t\t\t\t<div class=\"elementor-field-type-recaptcha elementor-field-group elementor-column elementor-field-group-field_8abed3e elementor-col-100\">\n\t\t\t\t\t<div class=\"elementor-field\" id=\"form-field-field_8abed3e\"><div class=\"elementor-g-recaptcha\" data-sitekey=\"6LcJujkpAAAAAKbYOHXQS_4UTsdAtWbTb3jS_vuc\" data-type=\"v2_checkbox\" data-theme=\"light\" data-size=\"normal\"><\/div><\/div>\t\t\t\t<\/div>\n\t\t\t\t\t\t\t\t<div class=\"elementor-field-group elementor-column elementor-field-type-submit elementor-col-100 e-form__buttons\">\n\t\t\t\t\t<button class=\"elementor-button elementor-size-sm\" type=\"submit\">\n\t\t\t\t\t\t<span class=\"elementor-button-content-wrapper\">\n\t\t\t\t\t\t\t\t\t\t\t\t\t\t\t\t\t\t\t\t\t\t<span class=\"elementor-button-text\">Send<\/span>\n\t\t\t\t\t\t\t\t\t\t\t\t\t<\/span>\n\t\t\t\t\t<\/button>\n\t\t\t\t<\/div>\n\t\t\t<\/div>\n\t\t<\/form>\n\t\t\t\t\t\t<\/div>\n\t\t\t\t<\/div>\n\t\t\t\t\t<\/div>\n\t\t<\/div>\n\t\t\t\t\t<\/div>\n\t\t<\/section>\n\t\t\t\t\t<\/div>\n\t\t<\/div>\n\t\t\t\t\t<\/div>\n\t\t<\/section>\n\t\t\t\t<\/div>\n\t\t","protected":false},"excerpt":{"rendered":"<p>Kongekrabbe safari Bli med p\u00e5 en 3-4 timers kongekrabbe safari i Varagerfjorden, hvor du l\u00e6rer om kongekrabbens fascinerende historie og i tillegg nyter et nydelig m\u00e5ltid basert p\u00e5 dagens fangst. Book kongekrabbe safari via v\u00e5rt kontaktskjema. Kontaktskjema Kontaktskjema Kontaktskjema Kj\u00e6re gjest,Ikke n\u00f8l med \u00e5 kontakte oss via v\u00e5rt kontaktskjema. Oppgi \u00f8nsket dato for overnatting eller [&hellip;]<\/p>\n","protected":false},"author":3,"featured_media":0,"parent":0,"menu_order":0,"comment_status":"closed","ping_status":"closed","template":"","meta":{"_acf_changed":false,"site-sidebar-layout":"no-sidebar","site-content-layout":"page-builder","ast-site-content-layout":"default","site-content-style":"default","site-sidebar-style":"default","ast-global-header-display":"","ast-banner-title-visibility":"","ast-main-header-display":"","ast-hfb-above-header-display":"","ast-hfb-below-header-display":"","ast-hfb-mobile-header-display":"","site-post-title":"disabled","ast-breadcrumbs-content":"","ast-featured-img":"disabled","footer-sml-layout":"","ast-disable-related-posts":"","theme-transparent-header-meta":"","adv-header-id-meta":"","stick-header-meta":"","header-above-stick-meta":"","header-main-stick-meta":"","header-below-stick-meta":"","astra-migrate-meta-layouts":"default","ast-page-background-enabled":"default","ast-page-background-meta":{"desktop":{"background-color":"","background-image":"","background-repeat":"repeat","background-position":"center center","background-size":"auto","background-attachment":"scroll","background-type":"","background-media":"","overlay-type":"","overlay-color":"","overlay-opacity":"","overlay-gradient":""},"tablet":{"background-color":"","background-image":"","background-repeat":"repeat","background-position":"center center","background-size":"auto","background-attachment":"scroll","background-type":"","background-media":"","overlay-type":"","overlay-color":"","overlay-opacity":"","overlay-gradient":""},"mobile":{"background-color":"","background-image":"","background-repeat":"repeat","background-position":"center center","background-size":"auto","background-attachment":"scroll","background-type":"","background-media":"","overlay-type":"","overlay-color":"","overlay-opacity":"","overlay-gradient":""}},"ast-content-background-meta":{"desktop":{"background-color":"var(--ast-global-color-5)","background-image":"","background-repeat":"repeat","background-position":"center center","background-size":"auto","background-attachment":"scroll","background-type":"","background-media":"","overlay-type":"","overlay-color":"","overlay-opacity":"","overlay-gradient":""},"tablet":{"background-color":"var(--ast-global-color-5)","background-image":"","background-repeat":"repeat","background-position":"center center","background-size":"auto","background-attachment":"scroll","background-type":"","background-media":"","overlay-type":"","overlay-color":"","overlay-opacity":"","overlay-gradient":""},"mobile":{"background-color":"var(--ast-global-color-5)","background-image":"","background-repeat":"repeat","background-position":"center center","background-size":"auto","background-attachment":"scroll","background-type":"","background-media":"","overlay-type":"","overlay-color":"","overlay-opacity":"","overlay-gradient":""}},"footnotes":""},"class_list":["post-7883","page","type-page","status-publish","hentry"],"acf":[],"_links":{"self":[{"href":"http:\/\/staging.varangerbrygge.no\/en\/wp-json\/wp\/v2\/pages\/7883","targetHints":{"allow":["GET"]}}],"collection":[{"href":"http:\/\/staging.varangerbrygge.no\/en\/wp-json\/wp\/v2\/pages"}],"about":[{"href":"http:\/\/staging.varangerbrygge.no\/en\/wp-json\/wp\/v2\/types\/page"}],"author":[{"embeddable":true,"href":"http:\/\/staging.varangerbrygge.no\/en\/wp-json\/wp\/v2\/users\/3"}],"replies":[{"embeddable":true,"href":"http:\/\/staging.varangerbrygge.no\/en\/wp-json\/wp\/v2\/comments?post=7883"}],"version-history":[{"count":22,"href":"http:\/\/staging.varangerbrygge.no\/en\/wp-json\/wp\/v2\/pages\/7883\/revisions"}],"predecessor-version":[{"id":9589,"href":"http:\/\/staging.varangerbrygge.no\/en\/wp-json\/wp\/v2\/pages\/7883\/revisions\/9589"}],"wp:attachment":[{"href":"http:\/\/staging.varangerbrygge.no\/en\/wp-json\/wp\/v2\/media?parent=7883"}],"curies":[{"name":"wp","href":"https:\/\/api.w.org\/{rel}","templated":true}]}}