{"id":7436,"date":"2023-11-21T21:08:25","date_gmt":"2023-11-21T19:08:25","guid":{"rendered":"https:\/\/www.varangerbrygge.no\/?page_id=7436"},"modified":"2025-04-07T19:45:36","modified_gmt":"2025-04-07T17:45:36","slug":"om-oss","status":"publish","type":"page","link":"http:\/\/staging.varangerbrygge.no\/fi\/om-oss\/","title":{"rendered":"Tietoa meist\u00e4"},"content":{"rendered":"<div data-elementor-type=\"wp-page\" data-elementor-id=\"7436\" class=\"elementor elementor-7436\" data-elementor-post-type=\"page\">\n\t\t\t\t<div class=\"elementor-element elementor-element-6124e246 e-flex e-con-boxed e-con e-parent\" data-id=\"6124e246\" data-element_type=\"container\" data-e-type=\"container\">\n\t\t\t\t\t<div class=\"e-con-inner\">\n\t\t<div class=\"elementor-element elementor-element-37fc507c e-flex e-con-boxed e-con e-child\" data-id=\"37fc507c\" data-element_type=\"container\" data-e-type=\"container\">\n\t\t\t\t\t<div class=\"e-con-inner\">\n\t\t\t\t<div class=\"elementor-element elementor-element-a857580 elementor-hidden-mobile elementor-widget elementor-widget-heading\" data-id=\"a857580\" data-element_type=\"widget\" data-e-type=\"widget\" data-widget_type=\"heading.default\">\n\t\t\t\t<div class=\"elementor-widget-container\">\n\t\t\t\t\t<h1 class=\"elementor-heading-title elementor-size-default\">Tietoa meist\u00e4 Varanger Brygge<\/h1>\t\t\t\t<\/div>\n\t\t\t\t<\/div>\n\t\t\t\t<div class=\"elementor-element elementor-element-5253bf7 elementor-hidden-desktop elementor-hidden-tablet elementor-widget elementor-widget-heading\" data-id=\"5253bf7\" data-element_type=\"widget\" data-e-type=\"widget\" data-widget_type=\"heading.default\">\n\t\t\t\t<div class=\"elementor-widget-container\">\n\t\t\t\t\t<h1 class=\"elementor-heading-title elementor-size-default\">Tietoa meist\u00e4 Varanger Brygge<\/h1>\t\t\t\t<\/div>\n\t\t\t\t<\/div>\n\t\t<div class=\"elementor-element elementor-element-16dde1b0 e-flex e-con-boxed e-con e-child\" data-id=\"16dde1b0\" data-element_type=\"container\" data-e-type=\"container\">\n\t\t\t\t\t<div class=\"e-con-inner\">\n\t\t\t\t<div class=\"elementor-element elementor-element-358f8f6b elementor-widget__width-initial elementor-widget elementor-widget-image\" data-id=\"358f8f6b\" data-element_type=\"widget\" data-e-type=\"widget\" data-widget_type=\"image.default\">\n\t\t\t\t<div class=\"elementor-widget-container\">\n\t\t\t\t\t\t\t\t\t\t\t\t\t\t\t\t<a href=\"http:\/\/staging.varangerbrygge.no\/wp-content\/uploads\/2021\/03\/Om-oss-beskjaert.jpg\" data-elementor-open-lightbox=\"yes\" data-elementor-lightbox-title=\"Om oss_\" data-e-action-hash=\"#elementor-action%3Aaction%3Dlightbox%26settings%3DeyJpZCI6MTUwNSwidXJsIjoiaHR0cDpcL1wvc3RhZ2luZy52YXJhbmdlcmJyeWdnZS5ub1wvd3AtY29udGVudFwvdXBsb2Fkc1wvMjAyMVwvMDNcL09tLW9zcy1iZXNramFlcnQtc2NhbGVkLmpwZyJ9\">\n\t\t\t\t\t\t\t<img fetchpriority=\"high\" decoding=\"async\" width=\"1024\" height=\"520\" src=\"http:\/\/staging.varangerbrygge.no\/wp-content\/uploads\/2021\/03\/Om-oss-beskjaert-scaled.jpg\" class=\"attachment-large size-large wp-image-1505\" alt=\"Om oss_\" \/>\t\t\t\t\t\t\t\t<\/a>\n\t\t\t\t\t\t\t\t\t\t\t\t\t\t\t<\/div>\n\t\t\t\t<\/div>\n\t\t\t\t\t<\/div>\n\t\t\t\t<\/div>\n\t\t\t\t<div class=\"elementor-element elementor-element-4c1f9095 elementor-widget__width-initial elementor-hidden-mobile elementor-widget elementor-widget-heading\" data-id=\"4c1f9095\" data-element_type=\"widget\" data-e-type=\"widget\" data-widget_type=\"heading.default\">\n\t\t\t\t<div class=\"elementor-widget-container\">\n\t\t\t\t\t<h2 class=\"elementor-heading-title elementor-size-default\">Visiomme: Tarjota ainutlaatuisia el\u00e4myksi\u00e4 ja kest\u00e4v\u00e4\u00e4 matkailukalastusta merell\u00e4, vuoristoj\u00e4rviss\u00e4 ja joissa Bug\u00f8ynesin kyl\u00e4\u00e4n ja sen ainutlaatuiseen sijaintiin ja historiaan perustuen.<\/h2>\t\t\t\t<\/div>\n\t\t\t\t<\/div>\n\t\t\t\t<div class=\"elementor-element elementor-element-f756629 elementor-widget__width-initial elementor-hidden-desktop elementor-hidden-tablet elementor-widget elementor-widget-heading\" data-id=\"f756629\" data-element_type=\"widget\" data-e-type=\"widget\" data-widget_type=\"heading.default\">\n\t\t\t\t<div class=\"elementor-widget-container\">\n\t\t\t\t\t<h2 class=\"elementor-heading-title elementor-size-default\">Visiomme: Tarjota ainutlaatuisia el\u00e4myksi\u00e4 ja kest\u00e4v\u00e4\u00e4 matkailukalastusta merell\u00e4, vuoristoj\u00e4rviss\u00e4 ja joissa Bug\u00f8ynesin kyl\u00e4\u00e4n ja sen ainutlaatuiseen sijaintiin ja historiaan perustuen.<\/h2>\t\t\t\t<\/div>\n\t\t\t\t<\/div>\n\t\t\t\t<div class=\"elementor-element elementor-element-2b6995b1 elementor-widget__width-initial elementor-widget elementor-widget-text-editor\" data-id=\"2b6995b1\" data-element_type=\"widget\" data-e-type=\"widget\" data-widget_type=\"text-editor.default\">\n\t\t\t\t<div class=\"elementor-widget-container\">\n\t\t\t\t\t\t\t\t\t<p>Varanger Brygge on vuonna 2020 perustettu perheyritys. Perustamisella haluamme helpottaa turistien kalastus- ja ruokailuel\u00e4myksi\u00e4 Varanginvuonon ymp\u00e4rist\u00f6ss\u00e4. Nykyaikaisilla paikoilla ja veneill\u00e4 annamme vieraille mahdollisuuden tutustua Varangerfjordin kalastusalueisiin ja k\u00e4sitell\u00e4 saaliinsa huippumoderneissa tiloissa.<br \/>Tarjoamme eritt\u00e4in hyvi\u00e4 ja viihtyisi\u00e4 majoitusvaihtoehtoja sek\u00e4 sijaintiin ett\u00e4 korkeaan tasoon keskittyen. Lis\u00e4ksi j\u00e4rjest\u00e4mme kalastuksen paikallisissa vuoristoj\u00e4rviss\u00e4 ja -joissa Varangerfjordin ymp\u00e4rill\u00e4.<\/p>\t\t\t\t\t\t\t\t<\/div>\n\t\t\t\t<\/div>\n\t\t\t\t<div class=\"elementor-element elementor-element-17728573 elementor-widget__width-initial elementor-widget elementor-widget-heading\" data-id=\"17728573\" data-element_type=\"widget\" data-e-type=\"widget\" data-widget_type=\"heading.default\">\n\t\t\t\t<div class=\"elementor-widget-container\">\n\t\t\t\t\t<h2 class=\"elementor-heading-title elementor-size-default\">Bug\u00f8ynes<\/h2>\t\t\t\t<\/div>\n\t\t\t\t<\/div>\n\t\t\t\t<div class=\"elementor-element elementor-element-7ad07b9e elementor-widget__width-initial elementor-widget elementor-widget-text-editor\" data-id=\"7ad07b9e\" data-element_type=\"widget\" data-e-type=\"widget\" data-widget_type=\"text-editor.default\">\n\t\t\t\t<div class=\"elementor-widget-container\">\n\t\t\t\t\t\t\t\t\t<p>Bug\u00f8ynesill\u00e4 on ainutlaatuinen historia, joka alkoi suomalaisista maahanmuuttajista 1800-luvulla. Perustettiin kalastajakyl\u00e4 ja yhteis\u00f6, jotka ansaitsivat hyvin Varangerfjordin kalastuksesta. Toisen maailmansodan aikana Bug\u00f8ynes s\u00e4\u00e4styi palamisesta, valitettavasti toisin kuin monet muut Finnmarkin paikalliset yhteis\u00f6t. T\u00e4m\u00e4 tarkoittaa, ett\u00e4 t\u00e4n\u00e4\u00e4n Bug\u00f8ynesiss\u00e4 on ainutlaatuinen rakennusmassa, jossa on monia vanhempia rakennuksia 1900-luvun alusta ja 1800-luvun lopulta. V\u00e4kiluku oli 500\u2013600 ihmist\u00e4 1800-luvun lopulta 1970-luvun puoliv\u00e4liin.Sitten monilla perheill\u00e4 oli tulonsa Varangerfjordilla tai paikallisella kalastusteollisuusyrityksell\u00e4. Siit\u00e4 l\u00e4htien v\u00e4est\u00f6 on v\u00e4hentynyt tasaisesti ja laskee nyt noin. 200 ihmist\u00e4. T\u00e4st\u00e4 huolimatta Bug\u00f8ynes on onnistunut luomaan hyv\u00e4n perustan kalastukselle, johon my\u00f6s rekrytoidaan enemm\u00e4n kalastajia. Kuningasrapujen ja siikojen toimitus kahdelle kalavastaanottomme ovat t\u00e4rkeit\u00e4 t\u00f6it\u00e4 kyl\u00e4ss\u00e4. Bug\u00f8ynesiin matkustaville matkailijoille on my\u00f6s lis\u00e4\u00e4ntynyt huomattavasti kokemus paikasta sen ainutlaatuisen sijainnin, ainutlaatuisuuden ja historian kanssa. Bug\u00f8ynes sijaitsee 100 km: n p\u00e4\u00e4ss\u00e4 sek\u00e4 Kirkenesista ett\u00e4 Vads\u00f8sta, ja sinne p\u00e4\u00e4see helposti autolla tai bussilla. Vaihtoehtoisesti voimme Varanger Bryggess\u00e4 noutaa sinut meritse.<\/p>\t\t\t\t\t\t\t\t<\/div>\n\t\t\t\t<\/div>\n\t\t<div class=\"elementor-element elementor-element-531fec25 e-flex e-con-boxed e-con e-child\" data-id=\"531fec25\" data-element_type=\"container\" data-e-type=\"container\">\n\t\t\t\t\t<div class=\"e-con-inner\">\n\t\t\t\t<div class=\"elementor-element elementor-element-21e652d elementor-widget elementor-widget-gallery\" data-id=\"21e652d\" data-element_type=\"widget\" data-e-type=\"widget\" data-settings=\"{&quot;columns&quot;:2,&quot;gap&quot;:{&quot;unit&quot;:&quot;px&quot;,&quot;size&quot;:24,&quot;sizes&quot;:[]},&quot;gallery_layout&quot;:&quot;grid&quot;,&quot;columns_tablet&quot;:2,&quot;columns_mobile&quot;:1,&quot;gap_tablet&quot;:{&quot;unit&quot;:&quot;px&quot;,&quot;size&quot;:10,&quot;sizes&quot;:[]},&quot;gap_mobile&quot;:{&quot;unit&quot;:&quot;px&quot;,&quot;size&quot;:10,&quot;sizes&quot;:[]},&quot;link_to&quot;:&quot;file&quot;,&quot;aspect_ratio&quot;:&quot;3:2&quot;,&quot;show_all_galleries&quot;:&quot;yes&quot;,&quot;content_hover_animation&quot;:&quot;fade-in&quot;}\" data-widget_type=\"gallery.default\">\n\t\t\t\t<div class=\"elementor-widget-container\">\n\t\t\t\t\t\t\t\t<div class=\"elementor-gallery__titles-container e--pointer-none\" aria-label=\"Galleriasuodattimet\">\n\t\t\t\t\t\t\t\t\t<a class=\"elementor-item elementor-gallery-title\" role=\"button\" tabindex=\"0\" data-gallery-index=\"all\">\n\t\t\t\t\t\t\t\t\t\t\t<\/a>\n\t\t\t\t\n\t\t\t\t\t\t\t\t\t<a class=\"elementor-item elementor-gallery-title\" role=\"button\" tabindex=\"0\" data-gallery-index=\"0\">\n\t\t\t\t\t\t\t\t\t\t\t<\/a>\n\t\t\t\t\t\t\t\t<\/div>\n\t\t\t\t\t<div class=\"elementor-gallery__container\">\n\t\t\t\t\t\t\t<a class=\"e-gallery-item elementor-gallery-item elementor-animated-content\" data-e-gallery-tags=\"0\" href=\"http:\/\/staging.varangerbrygge.no\/wp-content\/uploads\/2023\/10\/IMG_3305.jpg\" data-elementor-open-lightbox=\"yes\" data-elementor-lightbox-slideshow=\"21e652d\" data-elementor-lightbox-title=\"Bug\u00f8ynes\" data-e-action-hash=\"#elementor-action%3Aaction%3Dlightbox%26settings%3DeyJpZCI6Njk1MywidXJsIjoiaHR0cDpcL1wvc3RhZ2luZy52YXJhbmdlcmJyeWdnZS5ub1wvd3AtY29udGVudFwvdXBsb2Fkc1wvMjAyM1wvMTBcL0lNR18zMzA1LmpwZyIsInNsaWRlc2hvdyI6IjIxZTY1MmQifQ%3D%3D\">\n\t\t\t\t\t<div class=\"e-gallery-image elementor-gallery-item__image\" data-thumbnail=\"http:\/\/staging.varangerbrygge.no\/wp-content\/uploads\/2023\/10\/IMG_3305-1024x576.jpg\" data-width=\"1024\" data-height=\"576\" aria-label=\"Bug\u00f8ynes\" role=\"img\" ><\/div>\n\t\t\t\t\t\t\t\t\t\t\t\t\t\t<\/a>\n\t\t\t\t\t\t\t<a class=\"e-gallery-item elementor-gallery-item elementor-animated-content\" data-e-gallery-tags=\"0\" href=\"http:\/\/staging.varangerbrygge.no\/wp-content\/uploads\/2025\/04\/IMG_9058-scaled.webp\" data-elementor-open-lightbox=\"yes\" data-elementor-lightbox-slideshow=\"21e652d\" data-elementor-lightbox-title=\"IMG_9058\" data-e-action-hash=\"#elementor-action%3Aaction%3Dlightbox%26settings%3DeyJpZCI6OTAyNSwidXJsIjoiaHR0cDpcL1wvc3RhZ2luZy52YXJhbmdlcmJyeWdnZS5ub1wvd3AtY29udGVudFwvdXBsb2Fkc1wvMjAyNVwvMDRcL0lNR185MDU4LXNjYWxlZC53ZWJwIiwic2xpZGVzaG93IjoiMjFlNjUyZCJ9\">\n\t\t\t\t\t<div class=\"e-gallery-image elementor-gallery-item__image\" data-thumbnail=\"http:\/\/staging.varangerbrygge.no\/wp-content\/uploads\/2025\/04\/IMG_9058-1024x768.webp\" data-width=\"1024\" data-height=\"768\" aria-label=\"Revontulet Varanger Bryggess\u00e4\" role=\"img\" ><\/div>\n\t\t\t\t\t\t\t\t\t\t\t\t\t\t<\/a>\n\t\t\t\t\t\t\t<a class=\"e-gallery-item elementor-gallery-item elementor-animated-content\" data-e-gallery-tags=\"0\" href=\"http:\/\/staging.varangerbrygge.no\/wp-content\/uploads\/2022\/05\/Varanger-05-min.jpg\" data-elementor-open-lightbox=\"yes\" data-elementor-lightbox-slideshow=\"21e652d\" data-elementor-lightbox-title=\"Bug\u00f8ynes vinter\" data-e-action-hash=\"#elementor-action%3Aaction%3Dlightbox%26settings%3DeyJpZCI6Mzk3MiwidXJsIjoiaHR0cDpcL1wvc3RhZ2luZy52YXJhbmdlcmJyeWdnZS5ub1wvd3AtY29udGVudFwvdXBsb2Fkc1wvMjAyMlwvMDVcL1ZhcmFuZ2VyLTA1LW1pbi5qcGciLCJzbGlkZXNob3ciOiIyMWU2NTJkIn0%3D\">\n\t\t\t\t\t<div class=\"e-gallery-image elementor-gallery-item__image\" data-thumbnail=\"http:\/\/staging.varangerbrygge.no\/wp-content\/uploads\/2022\/05\/Varanger-05-min.jpg\" data-width=\"1024\" data-height=\"722\" aria-label=\"Bug\u00f8ynen talvi\" role=\"img\" ><\/div>\n\t\t\t\t\t\t\t\t\t\t\t\t\t\t<\/a>\n\t\t\t\t\t\t\t<a class=\"e-gallery-item elementor-gallery-item elementor-animated-content\" data-e-gallery-tags=\"0\" href=\"http:\/\/staging.varangerbrygge.no\/wp-content\/uploads\/2021\/08\/Bugoynes-3-scaled.jpg\" data-elementor-open-lightbox=\"yes\" data-elementor-lightbox-slideshow=\"21e652d\" data-elementor-lightbox-title=\"varanger brygge\" data-e-action-hash=\"#elementor-action%3Aaction%3Dlightbox%26settings%3DeyJpZCI6MjUwOCwidXJsIjoiaHR0cDpcL1wvc3RhZ2luZy52YXJhbmdlcmJyeWdnZS5ub1wvd3AtY29udGVudFwvdXBsb2Fkc1wvMjAyMVwvMDhcL0J1Z295bmVzLTMtc2NhbGVkLmpwZyIsInNsaWRlc2hvdyI6IjIxZTY1MmQifQ%3D%3D\">\n\t\t\t\t\t<div class=\"e-gallery-image elementor-gallery-item__image\" data-thumbnail=\"http:\/\/staging.varangerbrygge.no\/wp-content\/uploads\/2021\/08\/Bugoynes-3-scaled.jpg\" data-width=\"1024\" data-height=\"576\" aria-label=\"Varangerin panimo\" role=\"img\" ><\/div>\n\t\t\t\t\t\t\t\t\t\t\t\t\t\t<\/a>\n\t\t\t\t\t<\/div>\n\t\t\t\t\t<\/div>\n\t\t\t\t<\/div>\n\t\t\t\t\t<\/div>\n\t\t\t\t<\/div>\n\t\t\t\t<div class=\"elementor-element elementor-element-5306a14a elementor-widget__width-initial elementor-widget elementor-widget-text-editor\" data-id=\"5306a14a\" data-element_type=\"widget\" data-e-type=\"widget\" data-widget_type=\"text-editor.default\">\n\t\t\t\t<div class=\"elementor-widget-container\">\n\t\t\t\t\t\t\t\t\t<p>Bug\u00f8ynesiss\u00e4 on 6 p\u00e4iv\u00e4\u00e4 viikossa avoinna oleva kauppa, josta voi ostaa kaiken tarvittavan ruoan. Bug\u00f8ynesill\u00e4 on oma bistro ja pubi, joka on avoinna joka p\u00e4iv\u00e4. T\u00e4\u00e4ll\u00e4 voit nauttia sek\u00e4 hyv\u00e4\u00e4 ruokaa ett\u00e4 paikallisia juomia. Muussa tapauksessa Varanger Brygge haluaa osaltaan edist\u00e4\u00e4 Bug\u00f8ynesin liike-el\u00e4m\u00e4n kasvua, mik\u00e4 aikanaan edist\u00e4\u00e4 Bug\u00f8ynesin jatkuvaa olemassaoloa el\u00e4v\u00e4n\u00e4 paikallisyhteis\u00f6n\u00e4 Etel\u00e4-Varangin kunnassa.<\/p><p>Pidemm\u00e4ll\u00e4 aikav\u00e4lill\u00e4 on ensisijainen tavoite, ett\u00e4 Varanger Brygge on luonnollinen valinta matkailukalastajille, jotka haluavat olla l\u00e4heisess\u00e4 yhteydess\u00e4 alueen hyviin kalastusmahdollisuuksiin. Luomme j\u00e4nnityst\u00e4 ainutlaatuisten kokemusten kautta, joissa kaupunki historiallaan ja sijainnillaan muodostaa puitteet ja perustan yritykselle. Ja ett\u00e4 muita Varangerfjordin ymp\u00e4rist\u00f6ss\u00e4 sijaitsevia paikkoja voidaan k\u00e4ytt\u00e4\u00e4 mahdollisuuksiin muunlaiseen kalastukseen.<\/p>\t\t\t\t\t\t\t\t<\/div>\n\t\t\t\t<\/div>\n\t\t\t\t<div class=\"elementor-element elementor-element-3022eb14 elementor-widget__width-initial elementor-widget elementor-widget-heading\" data-id=\"3022eb14\" data-element_type=\"widget\" data-e-type=\"widget\" data-widget_type=\"heading.default\">\n\t\t\t\t<div class=\"elementor-widget-container\">\n\t\t\t\t\t<h2 class=\"elementor-heading-title elementor-size-default\">Kest\u00e4v\u00e4 kehitys<\/h2>\t\t\t\t<\/div>\n\t\t\t\t<\/div>\n\t\t\t\t<div class=\"elementor-element elementor-element-462c32bd elementor-widget__width-initial elementor-widget elementor-widget-text-editor\" data-id=\"462c32bd\" data-element_type=\"widget\" data-e-type=\"widget\" data-widget_type=\"text-editor.default\">\n\t\t\t\t<div class=\"elementor-widget-container\">\n\t\t\t\t\t\t\t\t\t<p>Varanger Brygge pyrkii ja toimittaa tuotteitaan ja palveluitaan YK: n kolmen kest\u00e4v\u00e4n kehityksen tavoitteen mukaisesti. T\u00e4m\u00e4n on oltava osa vaikutusta yhteiseen ymp\u00e4rist\u00f6\u00f6n, joka voidaan siirt\u00e4\u00e4 j\u00e4lkel\u00e4isillemme.<\/p>\t\t\t\t\t\t\t\t<\/div>\n\t\t\t\t<\/div>\n\t\t\t\t<div class=\"elementor-element elementor-element-4de3947b elementor-widget__width-initial elementor-widget elementor-widget-text-editor\" data-id=\"4de3947b\" data-element_type=\"widget\" data-e-type=\"widget\" data-widget_type=\"text-editor.default\">\n\t\t\t\t<div class=\"elementor-widget-container\">\n\t\t\t\t\t\t\t\t\t<p><strong>9 &#8211; <\/strong>Vuoteen 2030 menness\u00e4 p\u00e4ivit\u00e4 infrastruktuuri ja rakenna yritysyhteis\u00f6 uudelleen kest\u00e4v\u00e4mm\u00e4ksi k\u00e4ytt\u00e4m\u00e4ll\u00e4 resursseja tehokkaammin ja k\u00e4ytt\u00e4m\u00e4ll\u00e4 puhtaampia ja ymp\u00e4rist\u00f6yst\u00e4v\u00e4llisempi\u00e4 tekniikan ja teollisuuden prosesseja, joissa kaikki maat pyrkiv\u00e4t omien kykyjens\u00e4 ja kapasiteettinsa mukaan<\/p><p><strong>12 &#8211; <\/strong>Kehitet\u00e4\u00e4n ja toteutetaan menetelmi\u00e4, joilla seurataan kest\u00e4v\u00e4n kehityksen seurauksia kest\u00e4v\u00e4lle, ty\u00f6paikkoja luovalle ja paikallista kulttuuria ja paikallisia tuotteita edist\u00e4v\u00e4lle matkailualalle<\/p><p><strong>14 &#8211; <\/strong>Vuoteen 2025 menness\u00e4 estet\u00e4\u00e4n ja v\u00e4hennet\u00e4\u00e4n merkitt\u00e4v\u00e4sti kaikenlaista, erityisesti maalla tapahtuvasta toiminnasta johtuvaa meren pilaantumista, mukaan lukien meren kuivikkeista ja ravinteista<\/p>\t\t\t\t\t\t\t\t<\/div>\n\t\t\t\t<\/div>\n\t\t<div class=\"elementor-element elementor-element-41c7a203 e-flex e-con-boxed e-con e-child\" data-id=\"41c7a203\" data-element_type=\"container\" data-e-type=\"container\">\n\t\t\t\t\t<div class=\"e-con-inner\">\n\t\t\t\t<div class=\"elementor-element elementor-element-a0c67be elementor-widget__width-initial elementor-widget elementor-widget-gallery\" data-id=\"a0c67be\" data-element_type=\"widget\" data-e-type=\"widget\" data-settings=\"{&quot;gallery_layout&quot;:&quot;justified&quot;,&quot;ideal_row_height&quot;:{&quot;unit&quot;:&quot;px&quot;,&quot;size&quot;:208,&quot;sizes&quot;:[]},&quot;gap&quot;:{&quot;unit&quot;:&quot;px&quot;,&quot;size&quot;:15,&quot;sizes&quot;:[]},&quot;ideal_row_height_tablet&quot;:{&quot;unit&quot;:&quot;px&quot;,&quot;size&quot;:150,&quot;sizes&quot;:[]},&quot;ideal_row_height_mobile&quot;:{&quot;unit&quot;:&quot;px&quot;,&quot;size&quot;:150,&quot;sizes&quot;:[]},&quot;gap_tablet&quot;:{&quot;unit&quot;:&quot;px&quot;,&quot;size&quot;:10,&quot;sizes&quot;:[]},&quot;gap_mobile&quot;:{&quot;unit&quot;:&quot;px&quot;,&quot;size&quot;:10,&quot;sizes&quot;:[]},&quot;link_to&quot;:&quot;file&quot;,&quot;show_all_galleries&quot;:&quot;yes&quot;}\" data-widget_type=\"gallery.default\">\n\t\t\t\t<div class=\"elementor-widget-container\">\n\t\t\t\t\t\t\t\t<div class=\"elementor-gallery__titles-container e--pointer-none\" aria-label=\"Galleriasuodattimet\">\n\t\t\t\t\t\t\t\t\t<a class=\"elementor-item elementor-gallery-title\" role=\"button\" tabindex=\"0\" data-gallery-index=\"all\">\n\t\t\t\t\t\t\t\t\t\t\t<\/a>\n\t\t\t\t\n\t\t\t\t\t\t\t\t\t<a class=\"elementor-item elementor-gallery-title\" role=\"button\" tabindex=\"0\" data-gallery-index=\"0\">\n\t\t\t\t\t\t\t\t\t\t\t<\/a>\n\t\t\t\t\t\t\t\t<\/div>\n\t\t\t\t\t<div class=\"elementor-gallery__container\">\n\t\t\t\t\t\t\t<a class=\"e-gallery-item elementor-gallery-item\" data-e-gallery-tags=\"0\" href=\"http:\/\/staging.varangerbrygge.no\/wp-content\/uploads\/2021\/04\/baerekraft_9.jpg\" data-elementor-open-lightbox=\"yes\" data-elementor-lightbox-slideshow=\"a0c67be\" data-elementor-lightbox-title=\"b\u00e6rekraft_9\" data-e-action-hash=\"#elementor-action%3Aaction%3Dlightbox%26settings%3DeyJpZCI6NzAzLCJ1cmwiOiJodHRwOlwvXC9zdGFnaW5nLnZhcmFuZ2VyYnJ5Z2dlLm5vXC93cC1jb250ZW50XC91cGxvYWRzXC8yMDIxXC8wNFwvYmFlcmVrcmFmdF85LmpwZyIsInNsaWRlc2hvdyI6ImEwYzY3YmUifQ%3D%3D\">\n\t\t\t\t\t<div class=\"e-gallery-image elementor-gallery-item__image\" data-thumbnail=\"http:\/\/staging.varangerbrygge.no\/wp-content\/uploads\/2021\/04\/baerekraft_9.jpg\" data-width=\"175\" data-height=\"175\" aria-label=\"Kest\u00e4v\u00e4 kehitys \u2013 teollisuus, innovaatio ja infrastruktuuri\" role=\"img\" ><\/div>\n\t\t\t\t\t\t\t\t\t\t\t\t\t\t<\/a>\n\t\t\t\t\t\t\t<a class=\"e-gallery-item elementor-gallery-item\" data-e-gallery-tags=\"0\" href=\"http:\/\/staging.varangerbrygge.no\/wp-content\/uploads\/2021\/04\/baerekraft_12.jpg\" data-elementor-open-lightbox=\"yes\" data-elementor-lightbox-slideshow=\"a0c67be\" data-elementor-lightbox-title=\"b\u00e6rekraft_12\" data-e-action-hash=\"#elementor-action%3Aaction%3Dlightbox%26settings%3DeyJpZCI6NzA0LCJ1cmwiOiJodHRwOlwvXC9zdGFnaW5nLnZhcmFuZ2VyYnJ5Z2dlLm5vXC93cC1jb250ZW50XC91cGxvYWRzXC8yMDIxXC8wNFwvYmFlcmVrcmFmdF8xMi5qcGciLCJzbGlkZXNob3ciOiJhMGM2N2JlIn0%3D\">\n\t\t\t\t\t<div class=\"e-gallery-image elementor-gallery-item__image\" data-thumbnail=\"http:\/\/staging.varangerbrygge.no\/wp-content\/uploads\/2021\/04\/baerekraft_12.jpg\" data-width=\"175\" data-height=\"175\" aria-label=\"Kest\u00e4v\u00e4 kehitys - Vastuullinen kulutus ja tuotanto\" role=\"img\" ><\/div>\n\t\t\t\t\t\t\t\t\t\t\t\t\t\t<\/a>\n\t\t\t\t\t\t\t<a class=\"e-gallery-item elementor-gallery-item\" data-e-gallery-tags=\"0\" href=\"http:\/\/staging.varangerbrygge.no\/wp-content\/uploads\/2021\/04\/baerekraft_14.jpg\" data-elementor-open-lightbox=\"yes\" data-elementor-lightbox-slideshow=\"a0c67be\" data-elementor-lightbox-title=\"b\u00e6rekraft_14\" data-e-action-hash=\"#elementor-action%3Aaction%3Dlightbox%26settings%3DeyJpZCI6NzA1LCJ1cmwiOiJodHRwOlwvXC9zdGFnaW5nLnZhcmFuZ2VyYnJ5Z2dlLm5vXC93cC1jb250ZW50XC91cGxvYWRzXC8yMDIxXC8wNFwvYmFlcmVrcmFmdF8xNC5qcGciLCJzbGlkZXNob3ciOiJhMGM2N2JlIn0%3D\">\n\t\t\t\t\t<div class=\"e-gallery-image elementor-gallery-item__image\" data-thumbnail=\"http:\/\/staging.varangerbrygge.no\/wp-content\/uploads\/2021\/04\/baerekraft_14.jpg\" data-width=\"175\" data-height=\"175\" aria-label=\"Kest\u00e4vyys \u2013 el\u00e4 meress\u00e4\" role=\"img\" ><\/div>\n\t\t\t\t\t\t\t\t\t\t\t\t\t\t<\/a>\n\t\t\t\t\t<\/div>\n\t\t\t\t\t<\/div>\n\t\t\t\t<\/div>\n\t\t\t\t\t<\/div>\n\t\t\t\t<\/div>\n\t\t\t\t\t<\/div>\n\t\t\t\t<\/div>\n\t\t\t\t\t<\/div>\n\t\t\t\t<\/div>\n\t\t\t\t<\/div>","protected":false},"excerpt":{"rendered":"<p>Om Varanger Brygge Om Varanger Brygge V\u00e5r visjon; \u00c5 kunne tilby unike opplevelser og et b\u00e6rekraftig turistfiske b\u00e5de p\u00e5 hav, i fjellvann og i elver med utgangspunkt i tettstedet Bug\u00f8ynes og dets unike beliggenhet og historie. V\u00e5r visjon; \u00c5 kunne tilby unike opplevelser og et b\u00e6rekraftig turistfiske b\u00e5de p\u00e5 hav, i fjellvann og i elver [&hellip;]<\/p>\n","protected":false},"author":3,"featured_media":0,"parent":0,"menu_order":0,"comment_status":"closed","ping_status":"closed","template":"","meta":{"_acf_changed":false,"site-sidebar-layout":"no-sidebar","site-content-layout":"page-builder","ast-site-content-layout":"default","site-content-style":"default","site-sidebar-style":"default","ast-global-header-display":"","ast-banner-title-visibility":"","ast-main-header-display":"","ast-hfb-above-header-display":"","ast-hfb-below-header-display":"","ast-hfb-mobile-header-display":"","site-post-title":"disabled","ast-breadcrumbs-content":"","ast-featured-img":"disabled","footer-sml-layout":"","ast-disable-related-posts":"","theme-transparent-header-meta":"","adv-header-id-meta":"","stick-header-meta":"","header-above-stick-meta":"","header-main-stick-meta":"","header-below-stick-meta":"","astra-migrate-meta-layouts":"default","ast-page-background-enabled":"default","ast-page-background-meta":{"desktop":{"background-color":"","background-image":"","background-repeat":"repeat","background-position":"center center","background-size":"auto","background-attachment":"scroll","background-type":"","background-media":"","overlay-type":"","overlay-color":"","overlay-opacity":"","overlay-gradient":""},"tablet":{"background-color":"","background-image":"","background-repeat":"repeat","background-position":"center center","background-size":"auto","background-attachment":"scroll","background-type":"","background-media":"","overlay-type":"","overlay-color":"","overlay-opacity":"","overlay-gradient":""},"mobile":{"background-color":"","background-image":"","background-repeat":"repeat","background-position":"center center","background-size":"auto","background-attachment":"scroll","background-type":"","background-media":"","overlay-type":"","overlay-color":"","overlay-opacity":"","overlay-gradient":""}},"ast-content-background-meta":{"desktop":{"background-color":"var(--ast-global-color-5)","background-image":"","background-repeat":"repeat","background-position":"center center","background-size":"auto","background-attachment":"scroll","background-type":"","background-media":"","overlay-type":"","overlay-color":"","overlay-opacity":"","overlay-gradient":""},"tablet":{"background-color":"var(--ast-global-color-5)","background-image":"","background-repeat":"repeat","background-position":"center center","background-size":"auto","background-attachment":"scroll","background-type":"","background-media":"","overlay-type":"","overlay-color":"","overlay-opacity":"","overlay-gradient":""},"mobile":{"background-color":"var(--ast-global-color-5)","background-image":"","background-repeat":"repeat","background-position":"center center","background-size":"auto","background-attachment":"scroll","background-type":"","background-media":"","overlay-type":"","overlay-color":"","overlay-opacity":"","overlay-gradient":""}},"footnotes":""},"class_list":["post-7436","page","type-page","status-publish","hentry"],"acf":[],"_links":{"self":[{"href":"http:\/\/staging.varangerbrygge.no\/fi\/wp-json\/wp\/v2\/pages\/7436","targetHints":{"allow":["GET"]}}],"collection":[{"href":"http:\/\/staging.varangerbrygge.no\/fi\/wp-json\/wp\/v2\/pages"}],"about":[{"href":"http:\/\/staging.varangerbrygge.no\/fi\/wp-json\/wp\/v2\/types\/page"}],"author":[{"embeddable":true,"href":"http:\/\/staging.varangerbrygge.no\/fi\/wp-json\/wp\/v2\/users\/3"}],"replies":[{"embeddable":true,"href":"http:\/\/staging.varangerbrygge.no\/fi\/wp-json\/wp\/v2\/comments?post=7436"}],"version-history":[{"count":28,"href":"http:\/\/staging.varangerbrygge.no\/fi\/wp-json\/wp\/v2\/pages\/7436\/revisions"}],"predecessor-version":[{"id":9028,"href":"http:\/\/staging.varangerbrygge.no\/fi\/wp-json\/wp\/v2\/pages\/7436\/revisions\/9028"}],"wp:attachment":[{"href":"http:\/\/staging.varangerbrygge.no\/fi\/wp-json\/wp\/v2\/media?parent=7436"}],"curies":[{"name":"wp","href":"https:\/\/api.w.org\/{rel}","templated":true}]}}